{"id":6055,"date":"2021-04-20T11:15:39","date_gmt":"2021-04-20T09:15:39","guid":{"rendered":"https:\/\/shopium.eu\/ba\/?post_type=product&#038;p=6055"},"modified":"2024-06-04T08:04:41","modified_gmt":"2024-06-04T06:04:41","slug":"automatski-alat-za-pecanje-fishtrigger","status":"publish","type":"product","link":"https:\/\/linoexpress.com\/ba\/proizvod\/automatski-alat-za-pecanje-fishtrigger\/","title":{"rendered":"Automatski alat za pecanje &#8211; FishTrigger"},"content":{"rendered":"","protected":false},"excerpt":{"rendered":"<p>FishBracket je sklopivi i automatski okida\u010d za pecanje koji se aktivira u trenutku kada riba zagrize mamac te amortizacionom silom omogu\u0107ava udici da dublje prodre i omogu\u0107i siguran ulov.<\/p>\n","protected":false},"featured_media":1232,"comment_status":"closed","ping_status":"closed","template":"","meta":{"inline_featured_image":false},"product_brand":[],"product_cat":[15,35],"product_tag":[],"class_list":{"0":"post-6055","1":"product","2":"type-product","3":"status-publish","4":"has-post-thumbnail","6":"product_cat-uncategorized","7":"product_cat-fun","9":"first","10":"instock","11":"sale","12":"shipping-taxable","13":"purchasable","14":"product-type-simple"},"acf":[],"_links":{"self":[{"href":"https:\/\/linoexpress.com\/ba\/wp-json\/wp\/v2\/product\/6055","targetHints":{"allow":["GET"]}}],"collection":[{"href":"https:\/\/linoexpress.com\/ba\/wp-json\/wp\/v2\/product"}],"about":[{"href":"https:\/\/linoexpress.com\/ba\/wp-json\/wp\/v2\/types\/product"}],"replies":[{"embeddable":true,"href":"https:\/\/linoexpress.com\/ba\/wp-json\/wp\/v2\/comments?post=6055"}],"wp:featuredmedia":[{"embeddable":true,"href":"https:\/\/linoexpress.com\/ba\/wp-json\/wp\/v2\/media\/1232"}],"wp:attachment":[{"href":"https:\/\/linoexpress.com\/ba\/wp-json\/wp\/v2\/media?parent=6055"}],"wp:term":[{"taxonomy":"product_brand","embeddable":true,"href":"https:\/\/linoexpress.com\/ba\/wp-json\/wp\/v2\/product_brand?post=6055"},{"taxonomy":"product_cat","embeddable":true,"href":"https:\/\/linoexpress.com\/ba\/wp-json\/wp\/v2\/product_cat?post=6055"},{"taxonomy":"product_tag","embeddable":true,"href":"https:\/\/linoexpress.com\/ba\/wp-json\/wp\/v2\/product_tag?post=6055"}],"curies":[{"name":"wp","href":"https:\/\/api.w.org\/{rel}","templated":true}]}}