{"id":6570,"date":"2022-05-26T15:17:59","date_gmt":"2022-05-26T13:17:59","guid":{"rendered":"https:\/\/linoexpress.com\/ba\/?post_type=product&#038;p=6570"},"modified":"2023-01-05T15:22:12","modified_gmt":"2023-01-05T14:22:12","slug":"samoljepljive-trepavice-za-visekratnu-upotrebu","status":"publish","type":"product","link":"https:\/\/linoexpress.com\/ba\/proizvod\/samoljepljive-trepavice-za-visekratnu-upotrebu\/","title":{"rendered":"Samoljepljive trepavice za vi\u0161ekratnu upotrebu"},"content":{"rendered":"","protected":false},"excerpt":{"rendered":"<p>Isprobajte na\u0161e samoljepljive trepavice za vi\u0161ekratnu upotrebu, koje se lako i brzo nanose, \u0161to znatno olak\u0161ava nano\u0161enje \u0161minke.\u00a0Prirodne su poput va\u0161ih vlastitih trepavica i mogu se ponovno koristiti.<\/p>\n","protected":false},"featured_media":6578,"comment_status":"closed","ping_status":"closed","template":"","meta":{"inline_featured_image":false},"product_brand":[],"product_cat":[28,15],"product_tag":[],"class_list":{"0":"post-6570","1":"product","2":"type-product","3":"status-publish","4":"has-post-thumbnail","6":"product_cat-beauty","7":"product_cat-uncategorized","9":"first","10":"instock","11":"sale","12":"shipping-taxable","13":"purchasable","14":"product-type-simple"},"acf":[],"_links":{"self":[{"href":"https:\/\/linoexpress.com\/ba\/wp-json\/wp\/v2\/product\/6570","targetHints":{"allow":["GET"]}}],"collection":[{"href":"https:\/\/linoexpress.com\/ba\/wp-json\/wp\/v2\/product"}],"about":[{"href":"https:\/\/linoexpress.com\/ba\/wp-json\/wp\/v2\/types\/product"}],"replies":[{"embeddable":true,"href":"https:\/\/linoexpress.com\/ba\/wp-json\/wp\/v2\/comments?post=6570"}],"wp:featuredmedia":[{"embeddable":true,"href":"https:\/\/linoexpress.com\/ba\/wp-json\/wp\/v2\/media\/6578"}],"wp:attachment":[{"href":"https:\/\/linoexpress.com\/ba\/wp-json\/wp\/v2\/media?parent=6570"}],"wp:term":[{"taxonomy":"product_brand","embeddable":true,"href":"https:\/\/linoexpress.com\/ba\/wp-json\/wp\/v2\/product_brand?post=6570"},{"taxonomy":"product_cat","embeddable":true,"href":"https:\/\/linoexpress.com\/ba\/wp-json\/wp\/v2\/product_cat?post=6570"},{"taxonomy":"product_tag","embeddable":true,"href":"https:\/\/linoexpress.com\/ba\/wp-json\/wp\/v2\/product_tag?post=6570"}],"curies":[{"name":"wp","href":"https:\/\/api.w.org\/{rel}","templated":true}]}}