{"id":6751,"date":"2026-03-24T19:11:50","date_gmt":"2026-03-24T18:11:50","guid":{"rendered":"https:\/\/linoexpress.com\/ba\/?post_type=product&#038;p=6751"},"modified":"2026-03-24T23:52:43","modified_gmt":"2026-03-24T22:52:43","slug":"22-carobna-guma-za-hvatanje-dlaka-prilikom-pranja-vesa","status":"publish","type":"product","link":"https:\/\/linoexpress.com\/ba\/proizvod\/22-carobna-guma-za-hvatanje-dlaka-prilikom-pranja-vesa\/","title":{"rendered":"2+2 \u010carobna guma za hvatanje dlaka prilikom pranja ve\u0161a"},"content":{"rendered":"","protected":false},"excerpt":{"rendered":"<p>Ova \u010darobna guma idealna je za skupljanje dlaka sa odje\u0107e, kupljenje dlaka od va\u0161ih ljubimaca ili gdje god je to potrebno.<\/p>\n","protected":false},"featured_media":6604,"comment_status":"closed","ping_status":"closed","template":"","meta":{"inline_featured_image":false},"product_brand":[],"product_cat":[27,24,15],"product_tag":[],"class_list":{"0":"post-6751","1":"product","2":"type-product","3":"status-publish","4":"has-post-thumbnail","6":"product_cat-home","7":"product_cat-sale","8":"product_cat-uncategorized","10":"first","11":"instock","12":"sale","13":"shipping-taxable","14":"purchasable","15":"product-type-simple"},"acf":[],"_links":{"self":[{"href":"https:\/\/linoexpress.com\/ba\/wp-json\/wp\/v2\/product\/6751","targetHints":{"allow":["GET"]}}],"collection":[{"href":"https:\/\/linoexpress.com\/ba\/wp-json\/wp\/v2\/product"}],"about":[{"href":"https:\/\/linoexpress.com\/ba\/wp-json\/wp\/v2\/types\/product"}],"replies":[{"embeddable":true,"href":"https:\/\/linoexpress.com\/ba\/wp-json\/wp\/v2\/comments?post=6751"}],"wp:featuredmedia":[{"embeddable":true,"href":"https:\/\/linoexpress.com\/ba\/wp-json\/wp\/v2\/media\/6604"}],"wp:attachment":[{"href":"https:\/\/linoexpress.com\/ba\/wp-json\/wp\/v2\/media?parent=6751"}],"wp:term":[{"taxonomy":"product_brand","embeddable":true,"href":"https:\/\/linoexpress.com\/ba\/wp-json\/wp\/v2\/product_brand?post=6751"},{"taxonomy":"product_cat","embeddable":true,"href":"https:\/\/linoexpress.com\/ba\/wp-json\/wp\/v2\/product_cat?post=6751"},{"taxonomy":"product_tag","embeddable":true,"href":"https:\/\/linoexpress.com\/ba\/wp-json\/wp\/v2\/product_tag?post=6751"}],"curies":[{"name":"wp","href":"https:\/\/api.w.org\/{rel}","templated":true}]}}