{"id":6761,"date":"2022-07-08T12:11:14","date_gmt":"2022-07-08T10:11:14","guid":{"rendered":"https:\/\/linoexpress.com\/ba\/?post_type=product&#038;p=6761"},"modified":"2023-04-18T10:53:32","modified_gmt":"2023-04-18T08:53:32","slug":"rolo-zastita-od-sunca-za-automobile-i-prozore","status":"publish","type":"product","link":"https:\/\/linoexpress.com\/ba\/proizvod\/rolo-zastita-od-sunca-za-automobile-i-prozore\/","title":{"rendered":"Rolo za\u0161tita od sunca za automobile i prozore"},"content":{"rendered":"","protected":false},"excerpt":{"rendered":"<p>Smanjite UV zrake i sun\u010devu svetlost u svom automobilu i u\u010dinite vo\u017enju ugodnijom. Iskoristite ovu za\u0161titu za sve prostorije gde je to potrebno!<\/p>\n","protected":false},"featured_media":6768,"comment_status":"closed","ping_status":"closed","template":"","meta":{"inline_featured_image":false},"product_brand":[],"product_cat":[27,15],"product_tag":[],"class_list":{"0":"post-6761","1":"product","2":"type-product","3":"status-publish","4":"has-post-thumbnail","6":"product_cat-home","7":"product_cat-uncategorized","9":"first","10":"instock","11":"sale","12":"shipping-taxable","13":"purchasable","14":"product-type-simple"},"acf":[],"_links":{"self":[{"href":"https:\/\/linoexpress.com\/ba\/wp-json\/wp\/v2\/product\/6761","targetHints":{"allow":["GET"]}}],"collection":[{"href":"https:\/\/linoexpress.com\/ba\/wp-json\/wp\/v2\/product"}],"about":[{"href":"https:\/\/linoexpress.com\/ba\/wp-json\/wp\/v2\/types\/product"}],"replies":[{"embeddable":true,"href":"https:\/\/linoexpress.com\/ba\/wp-json\/wp\/v2\/comments?post=6761"}],"wp:featuredmedia":[{"embeddable":true,"href":"https:\/\/linoexpress.com\/ba\/wp-json\/wp\/v2\/media\/6768"}],"wp:attachment":[{"href":"https:\/\/linoexpress.com\/ba\/wp-json\/wp\/v2\/media?parent=6761"}],"wp:term":[{"taxonomy":"product_brand","embeddable":true,"href":"https:\/\/linoexpress.com\/ba\/wp-json\/wp\/v2\/product_brand?post=6761"},{"taxonomy":"product_cat","embeddable":true,"href":"https:\/\/linoexpress.com\/ba\/wp-json\/wp\/v2\/product_cat?post=6761"},{"taxonomy":"product_tag","embeddable":true,"href":"https:\/\/linoexpress.com\/ba\/wp-json\/wp\/v2\/product_tag?post=6761"}],"curies":[{"name":"wp","href":"https:\/\/api.w.org\/{rel}","templated":true}]}}