{"id":6776,"date":"2022-07-08T13:34:28","date_gmt":"2022-07-08T11:34:28","guid":{"rendered":"https:\/\/linoexpress.com\/ba\/?post_type=product&#038;p=6776"},"modified":"2024-01-04T17:12:13","modified_gmt":"2024-01-04T16:12:13","slug":"spojnica-za-podmazivanje","status":"publish","type":"product","link":"https:\/\/linoexpress.com\/ba\/proizvod\/spojnica-za-podmazivanje\/","title":{"rendered":"Spojnica za podmazivanje"},"content":{"rendered":"","protected":false},"excerpt":{"rendered":"<p>Nadogradite va\u0161 pi\u0161tolj za podmazivanje sa ovim nepropusnim nastavkom. Otpustite polugu za palac i oslobotite obe ruke za upotrebu pi\u0161tolja za podmazivanje.<\/p>\n","protected":false},"featured_media":6782,"comment_status":"closed","ping_status":"closed","template":"","meta":{"inline_featured_image":false},"product_brand":[],"product_cat":[27,24,15],"product_tag":[],"class_list":{"0":"post-6776","1":"product","2":"type-product","3":"status-publish","4":"has-post-thumbnail","6":"product_cat-home","7":"product_cat-sale","8":"product_cat-uncategorized","10":"first","11":"instock","12":"sale","13":"shipping-taxable","14":"purchasable","15":"product-type-simple"},"acf":[],"_links":{"self":[{"href":"https:\/\/linoexpress.com\/ba\/wp-json\/wp\/v2\/product\/6776","targetHints":{"allow":["GET"]}}],"collection":[{"href":"https:\/\/linoexpress.com\/ba\/wp-json\/wp\/v2\/product"}],"about":[{"href":"https:\/\/linoexpress.com\/ba\/wp-json\/wp\/v2\/types\/product"}],"replies":[{"embeddable":true,"href":"https:\/\/linoexpress.com\/ba\/wp-json\/wp\/v2\/comments?post=6776"}],"wp:featuredmedia":[{"embeddable":true,"href":"https:\/\/linoexpress.com\/ba\/wp-json\/wp\/v2\/media\/6782"}],"wp:attachment":[{"href":"https:\/\/linoexpress.com\/ba\/wp-json\/wp\/v2\/media?parent=6776"}],"wp:term":[{"taxonomy":"product_brand","embeddable":true,"href":"https:\/\/linoexpress.com\/ba\/wp-json\/wp\/v2\/product_brand?post=6776"},{"taxonomy":"product_cat","embeddable":true,"href":"https:\/\/linoexpress.com\/ba\/wp-json\/wp\/v2\/product_cat?post=6776"},{"taxonomy":"product_tag","embeddable":true,"href":"https:\/\/linoexpress.com\/ba\/wp-json\/wp\/v2\/product_tag?post=6776"}],"curies":[{"name":"wp","href":"https:\/\/api.w.org\/{rel}","templated":true}]}}