{"id":6892,"date":"2022-09-29T13:53:05","date_gmt":"2022-09-29T11:53:05","guid":{"rendered":"https:\/\/linoexpress.com\/ba\/?post_type=product&#038;p=6892"},"modified":"2023-12-22T12:20:50","modified_gmt":"2023-12-22T11:20:50","slug":"ukrasni-penjuci-deda-mraz-santas","status":"publish","type":"product","link":"https:\/\/linoexpress.com\/ba\/proizvod\/ukrasni-penjuci-deda-mraz-santas\/","title":{"rendered":"Ukrasni penju\u0107i Deda Mraz &#8211; Santas"},"content":{"rendered":"","protected":false},"excerpt":{"rendered":"<p>Bli\u017ei nam se vreme praznika, upotpunite svoju kolekciju savr\u0161enih novogodi\u0161njih dekoracija sa ovom inovativnom i super COOL vizuelnom i zvu\u010dnom Deda Mraz dekoracijom i obradujte svoje najmla\u0111e.<\/p>\n","protected":false},"featured_media":6903,"comment_status":"closed","ping_status":"closed","template":"","meta":{"inline_featured_image":false},"product_brand":[],"product_cat":[27,15,35],"product_tag":[],"class_list":{"0":"post-6892","1":"product","2":"type-product","3":"status-publish","4":"has-post-thumbnail","6":"product_cat-home","7":"product_cat-uncategorized","8":"product_cat-fun","10":"first","11":"instock","12":"sale","13":"shipping-taxable","14":"purchasable","15":"product-type-simple"},"acf":[],"_links":{"self":[{"href":"https:\/\/linoexpress.com\/ba\/wp-json\/wp\/v2\/product\/6892","targetHints":{"allow":["GET"]}}],"collection":[{"href":"https:\/\/linoexpress.com\/ba\/wp-json\/wp\/v2\/product"}],"about":[{"href":"https:\/\/linoexpress.com\/ba\/wp-json\/wp\/v2\/types\/product"}],"replies":[{"embeddable":true,"href":"https:\/\/linoexpress.com\/ba\/wp-json\/wp\/v2\/comments?post=6892"}],"wp:featuredmedia":[{"embeddable":true,"href":"https:\/\/linoexpress.com\/ba\/wp-json\/wp\/v2\/media\/6903"}],"wp:attachment":[{"href":"https:\/\/linoexpress.com\/ba\/wp-json\/wp\/v2\/media?parent=6892"}],"wp:term":[{"taxonomy":"product_brand","embeddable":true,"href":"https:\/\/linoexpress.com\/ba\/wp-json\/wp\/v2\/product_brand?post=6892"},{"taxonomy":"product_cat","embeddable":true,"href":"https:\/\/linoexpress.com\/ba\/wp-json\/wp\/v2\/product_cat?post=6892"},{"taxonomy":"product_tag","embeddable":true,"href":"https:\/\/linoexpress.com\/ba\/wp-json\/wp\/v2\/product_tag?post=6892"}],"curies":[{"name":"wp","href":"https:\/\/api.w.org\/{rel}","templated":true}]}}