{"id":6970,"date":"2022-10-12T10:30:14","date_gmt":"2022-10-12T08:30:14","guid":{"rendered":"https:\/\/linoexpress.com\/ba\/?post_type=product&#038;p=6970"},"modified":"2025-01-28T00:51:07","modified_gmt":"2025-01-27T23:51:07","slug":"set-od-3-komada-razigrani-kaskaderski-autic","status":"publish","type":"product","link":"https:\/\/linoexpress.com\/ba\/proizvod\/set-od-3-komada-razigrani-kaskaderski-autic\/","title":{"rendered":"Set od 3 komada &#8211; Razigrani kaskaderski auti\u0107"},"content":{"rendered":"","protected":false},"excerpt":{"rendered":"<p>Fenomenalni kaskaderski auti\u0107i odli\u010dna su zabava za djecu svih uzrasta! Interesantna igra koja pravi \u010duda, te va\u0161oj djeci elektri\u010dne ure\u0111aje \u010dini nezanimljivim.<\/p>\n","protected":false},"featured_media":6971,"comment_status":"closed","ping_status":"closed","template":"","meta":{"inline_featured_image":false},"product_brand":[],"product_cat":[15,35],"product_tag":[],"class_list":{"0":"post-6970","1":"product","2":"type-product","3":"status-publish","4":"has-post-thumbnail","6":"product_cat-uncategorized","7":"product_cat-fun","9":"first","10":"instock","11":"sale","12":"shipping-taxable","13":"purchasable","14":"product-type-simple"},"acf":[],"_links":{"self":[{"href":"https:\/\/linoexpress.com\/ba\/wp-json\/wp\/v2\/product\/6970","targetHints":{"allow":["GET"]}}],"collection":[{"href":"https:\/\/linoexpress.com\/ba\/wp-json\/wp\/v2\/product"}],"about":[{"href":"https:\/\/linoexpress.com\/ba\/wp-json\/wp\/v2\/types\/product"}],"replies":[{"embeddable":true,"href":"https:\/\/linoexpress.com\/ba\/wp-json\/wp\/v2\/comments?post=6970"}],"wp:featuredmedia":[{"embeddable":true,"href":"https:\/\/linoexpress.com\/ba\/wp-json\/wp\/v2\/media\/6971"}],"wp:attachment":[{"href":"https:\/\/linoexpress.com\/ba\/wp-json\/wp\/v2\/media?parent=6970"}],"wp:term":[{"taxonomy":"product_brand","embeddable":true,"href":"https:\/\/linoexpress.com\/ba\/wp-json\/wp\/v2\/product_brand?post=6970"},{"taxonomy":"product_cat","embeddable":true,"href":"https:\/\/linoexpress.com\/ba\/wp-json\/wp\/v2\/product_cat?post=6970"},{"taxonomy":"product_tag","embeddable":true,"href":"https:\/\/linoexpress.com\/ba\/wp-json\/wp\/v2\/product_tag?post=6970"}],"curies":[{"name":"wp","href":"https:\/\/api.w.org\/{rel}","templated":true}]}}