{"id":7024,"date":"2022-10-12T11:40:48","date_gmt":"2022-10-12T09:40:48","guid":{"rendered":"https:\/\/linoexpress.com\/ba\/?post_type=product&#038;p=7024"},"modified":"2023-07-09T11:24:29","modified_gmt":"2023-07-09T09:24:29","slug":"gel-za-ciscenje-i-izbjeljivanje-obuce","status":"publish","type":"product","link":"https:\/\/linoexpress.com\/ba\/proizvod\/gel-za-ciscenje-i-izbjeljivanje-obuce\/","title":{"rendered":"Gel za \u010di\u0161\u0107enje i izbjeljivanje obu\u0107e"},"content":{"rendered":"","protected":false},"excerpt":{"rendered":"<p>Otklonite ne\u0107isto\u0107e i \u017eute fleke od stajanja sa ovim fenomenalnim gelom za izbjeljivanje i \u010di\u0161\u0107enje!<\/p>\n","protected":false},"featured_media":7028,"comment_status":"closed","ping_status":"closed","template":"","meta":{"inline_featured_image":false},"product_brand":[],"product_cat":[27,28,15],"product_tag":[],"class_list":{"0":"post-7024","1":"product","2":"type-product","3":"status-publish","4":"has-post-thumbnail","6":"product_cat-home","7":"product_cat-beauty","8":"product_cat-uncategorized","10":"first","11":"instock","12":"sale","13":"shipping-taxable","14":"purchasable","15":"product-type-simple"},"acf":[],"_links":{"self":[{"href":"https:\/\/linoexpress.com\/ba\/wp-json\/wp\/v2\/product\/7024","targetHints":{"allow":["GET"]}}],"collection":[{"href":"https:\/\/linoexpress.com\/ba\/wp-json\/wp\/v2\/product"}],"about":[{"href":"https:\/\/linoexpress.com\/ba\/wp-json\/wp\/v2\/types\/product"}],"replies":[{"embeddable":true,"href":"https:\/\/linoexpress.com\/ba\/wp-json\/wp\/v2\/comments?post=7024"}],"wp:featuredmedia":[{"embeddable":true,"href":"https:\/\/linoexpress.com\/ba\/wp-json\/wp\/v2\/media\/7028"}],"wp:attachment":[{"href":"https:\/\/linoexpress.com\/ba\/wp-json\/wp\/v2\/media?parent=7024"}],"wp:term":[{"taxonomy":"product_brand","embeddable":true,"href":"https:\/\/linoexpress.com\/ba\/wp-json\/wp\/v2\/product_brand?post=7024"},{"taxonomy":"product_cat","embeddable":true,"href":"https:\/\/linoexpress.com\/ba\/wp-json\/wp\/v2\/product_cat?post=7024"},{"taxonomy":"product_tag","embeddable":true,"href":"https:\/\/linoexpress.com\/ba\/wp-json\/wp\/v2\/product_tag?post=7024"}],"curies":[{"name":"wp","href":"https:\/\/api.w.org\/{rel}","templated":true}]}}