{"id":7057,"date":"2022-10-12T12:34:35","date_gmt":"2022-10-12T10:34:35","guid":{"rendered":"https:\/\/linoexpress.com\/ba\/?post_type=product&#038;p=7057"},"modified":"2023-01-05T15:45:06","modified_gmt":"2023-01-05T14:45:06","slug":"vodootporni-profesionalni-brijac","status":"publish","type":"product","link":"https:\/\/linoexpress.com\/ba\/proizvod\/vodootporni-profesionalni-brijac\/","title":{"rendered":"Vodootporni profesionalni brija\u010d"},"content":{"rendered":"","protected":false},"excerpt":{"rendered":"<p>Sa ovim prakti\u010dnim profesionalnim brija\u010dem, sredite svoju bradu bilo kad i bilo gde. Idealan za sve okolnosti, veoma lako i profesionalno postignite vrhunske rezultate.<\/p>\n","protected":false},"featured_media":7068,"comment_status":"closed","ping_status":"closed","template":"","meta":{"inline_featured_image":false},"product_brand":[],"product_cat":[28,15],"product_tag":[],"class_list":{"0":"post-7057","1":"product","2":"type-product","3":"status-publish","4":"has-post-thumbnail","6":"product_cat-beauty","7":"product_cat-uncategorized","9":"first","10":"instock","11":"sale","12":"shipping-taxable","13":"purchasable","14":"product-type-simple"},"acf":[],"_links":{"self":[{"href":"https:\/\/linoexpress.com\/ba\/wp-json\/wp\/v2\/product\/7057","targetHints":{"allow":["GET"]}}],"collection":[{"href":"https:\/\/linoexpress.com\/ba\/wp-json\/wp\/v2\/product"}],"about":[{"href":"https:\/\/linoexpress.com\/ba\/wp-json\/wp\/v2\/types\/product"}],"replies":[{"embeddable":true,"href":"https:\/\/linoexpress.com\/ba\/wp-json\/wp\/v2\/comments?post=7057"}],"wp:featuredmedia":[{"embeddable":true,"href":"https:\/\/linoexpress.com\/ba\/wp-json\/wp\/v2\/media\/7068"}],"wp:attachment":[{"href":"https:\/\/linoexpress.com\/ba\/wp-json\/wp\/v2\/media?parent=7057"}],"wp:term":[{"taxonomy":"product_brand","embeddable":true,"href":"https:\/\/linoexpress.com\/ba\/wp-json\/wp\/v2\/product_brand?post=7057"},{"taxonomy":"product_cat","embeddable":true,"href":"https:\/\/linoexpress.com\/ba\/wp-json\/wp\/v2\/product_cat?post=7057"},{"taxonomy":"product_tag","embeddable":true,"href":"https:\/\/linoexpress.com\/ba\/wp-json\/wp\/v2\/product_tag?post=7057"}],"curies":[{"name":"wp","href":"https:\/\/api.w.org\/{rel}","templated":true}]}}