{"id":7136,"date":"2022-10-12T14:58:08","date_gmt":"2022-10-12T12:58:08","guid":{"rendered":"https:\/\/linoexpress.com\/ba\/?post_type=product&#038;p=7136"},"modified":"2022-11-27T12:21:47","modified_gmt":"2022-11-27T11:21:47","slug":"magicni-lcd-tablet-za-crtanje","status":"publish","type":"product","link":"https:\/\/linoexpress.com\/ba\/proizvod\/magicni-lcd-tablet-za-crtanje\/","title":{"rendered":"Magi\u010dni LCD tablet za crtanje"},"content":{"rendered":"","protected":false},"excerpt":{"rendered":"<p>Magi\u010dni tablet za crtanje razvi\u0107e kreativnost djece i pritom im pru\u017eiti mnogo zadovoljstva. Ovo je idealno razvojno i edukativno sredstvo za djecu svih uzrasta, u zabavnoj i kreativnoj igrici.<\/p>\n","protected":false},"featured_media":7139,"comment_status":"closed","ping_status":"closed","template":"","meta":{"inline_featured_image":false},"product_brand":[],"product_cat":[15,35],"product_tag":[],"class_list":{"0":"post-7136","1":"product","2":"type-product","3":"status-publish","4":"has-post-thumbnail","6":"product_cat-uncategorized","7":"product_cat-fun","9":"first","10":"instock","11":"sale","12":"shipping-taxable","13":"purchasable","14":"product-type-simple"},"acf":[],"_links":{"self":[{"href":"https:\/\/linoexpress.com\/ba\/wp-json\/wp\/v2\/product\/7136","targetHints":{"allow":["GET"]}}],"collection":[{"href":"https:\/\/linoexpress.com\/ba\/wp-json\/wp\/v2\/product"}],"about":[{"href":"https:\/\/linoexpress.com\/ba\/wp-json\/wp\/v2\/types\/product"}],"replies":[{"embeddable":true,"href":"https:\/\/linoexpress.com\/ba\/wp-json\/wp\/v2\/comments?post=7136"}],"wp:featuredmedia":[{"embeddable":true,"href":"https:\/\/linoexpress.com\/ba\/wp-json\/wp\/v2\/media\/7139"}],"wp:attachment":[{"href":"https:\/\/linoexpress.com\/ba\/wp-json\/wp\/v2\/media?parent=7136"}],"wp:term":[{"taxonomy":"product_brand","embeddable":true,"href":"https:\/\/linoexpress.com\/ba\/wp-json\/wp\/v2\/product_brand?post=7136"},{"taxonomy":"product_cat","embeddable":true,"href":"https:\/\/linoexpress.com\/ba\/wp-json\/wp\/v2\/product_cat?post=7136"},{"taxonomy":"product_tag","embeddable":true,"href":"https:\/\/linoexpress.com\/ba\/wp-json\/wp\/v2\/product_tag?post=7136"}],"curies":[{"name":"wp","href":"https:\/\/api.w.org\/{rel}","templated":true}]}}