{"id":7236,"date":"2022-10-19T11:58:31","date_gmt":"2022-10-19T09:58:31","guid":{"rendered":"https:\/\/linoexpress.com\/ba\/?post_type=product&#038;p=7236"},"modified":"2025-11-11T11:32:17","modified_gmt":"2025-11-11T10:32:17","slug":"barsunaste-termo-carape-4-para-termax","status":"publish","type":"product","link":"https:\/\/linoexpress.com\/ba\/proizvod\/barsunaste-termo-carape-4-para-termax\/","title":{"rendered":"Bar\u0161unaste termo \u010darape (4 para) &#8211; Termax"},"content":{"rendered":"","protected":false},"excerpt":{"rendered":"<p>Neka vam uvijek bude toplo i ugodno u hladnim zimskim danima nose\u0107i samo ove super \u010darape izra\u0111ene od izuzetnog ka\u0161mirskog materijala, koji je karakteristi\u010dno prozra\u010dan i zahvalan za odr\u017eavanje.<\/p>\n","protected":false},"featured_media":7241,"comment_status":"closed","ping_status":"closed","template":"","meta":{"inline_featured_image":false},"product_brand":[],"product_cat":[28,15,26],"product_tag":[],"class_list":{"0":"post-7236","1":"product","2":"type-product","3":"status-publish","4":"has-post-thumbnail","6":"product_cat-beauty","7":"product_cat-uncategorized","8":"product_cat-health","10":"first","11":"instock","12":"sale","13":"shipping-taxable","14":"purchasable","15":"product-type-simple"},"acf":[],"_links":{"self":[{"href":"https:\/\/linoexpress.com\/ba\/wp-json\/wp\/v2\/product\/7236","targetHints":{"allow":["GET"]}}],"collection":[{"href":"https:\/\/linoexpress.com\/ba\/wp-json\/wp\/v2\/product"}],"about":[{"href":"https:\/\/linoexpress.com\/ba\/wp-json\/wp\/v2\/types\/product"}],"replies":[{"embeddable":true,"href":"https:\/\/linoexpress.com\/ba\/wp-json\/wp\/v2\/comments?post=7236"}],"wp:featuredmedia":[{"embeddable":true,"href":"https:\/\/linoexpress.com\/ba\/wp-json\/wp\/v2\/media\/7241"}],"wp:attachment":[{"href":"https:\/\/linoexpress.com\/ba\/wp-json\/wp\/v2\/media?parent=7236"}],"wp:term":[{"taxonomy":"product_brand","embeddable":true,"href":"https:\/\/linoexpress.com\/ba\/wp-json\/wp\/v2\/product_brand?post=7236"},{"taxonomy":"product_cat","embeddable":true,"href":"https:\/\/linoexpress.com\/ba\/wp-json\/wp\/v2\/product_cat?post=7236"},{"taxonomy":"product_tag","embeddable":true,"href":"https:\/\/linoexpress.com\/ba\/wp-json\/wp\/v2\/product_tag?post=7236"}],"curies":[{"name":"wp","href":"https:\/\/api.w.org\/{rel}","templated":true}]}}