{"id":7919,"date":"2022-11-18T08:57:29","date_gmt":"2022-11-18T07:57:29","guid":{"rendered":"https:\/\/linoexpress.com\/ba\/?post_type=product&#038;p=7919"},"modified":"2024-10-10T15:51:03","modified_gmt":"2024-10-10T13:51:03","slug":"led-svjetlosna-dekoracija-na-daljinsko-upravljanje-ledflash","status":"publish","type":"product","link":"https:\/\/linoexpress.com\/ba\/proizvod\/led-svjetlosna-dekoracija-na-daljinsko-upravljanje-ledflash\/","title":{"rendered":"Led svjetlosna dekoracija na daljinsko upravljanje &#8211; Ledflash"},"content":{"rendered":"","protected":false},"excerpt":{"rendered":"<p>Savr\u0161ena dekorativna led svjetla na daljinsko upravljanje putem pametnih telefona napravi\u0107e savr\u0161enu atmosferu u doba praznika, Nove godine i Bo\u017ei\u0107a, kvalitetna sa efefktom raznobojnih varijacija stvaraju nesvakida\u0161nju atmosferu i ugo\u0111aj.<\/p>\n","protected":false},"featured_media":11629,"comment_status":"closed","ping_status":"closed","template":"","meta":{"inline_featured_image":false},"product_brand":[],"product_cat":[15,35],"product_tag":[],"class_list":{"0":"post-7919","1":"product","2":"type-product","3":"status-publish","4":"has-post-thumbnail","6":"product_cat-uncategorized","7":"product_cat-fun","9":"first","10":"instock","11":"sale","12":"shipping-taxable","13":"purchasable","14":"product-type-simple"},"acf":[],"_links":{"self":[{"href":"https:\/\/linoexpress.com\/ba\/wp-json\/wp\/v2\/product\/7919","targetHints":{"allow":["GET"]}}],"collection":[{"href":"https:\/\/linoexpress.com\/ba\/wp-json\/wp\/v2\/product"}],"about":[{"href":"https:\/\/linoexpress.com\/ba\/wp-json\/wp\/v2\/types\/product"}],"replies":[{"embeddable":true,"href":"https:\/\/linoexpress.com\/ba\/wp-json\/wp\/v2\/comments?post=7919"}],"wp:featuredmedia":[{"embeddable":true,"href":"https:\/\/linoexpress.com\/ba\/wp-json\/wp\/v2\/media\/11629"}],"wp:attachment":[{"href":"https:\/\/linoexpress.com\/ba\/wp-json\/wp\/v2\/media?parent=7919"}],"wp:term":[{"taxonomy":"product_brand","embeddable":true,"href":"https:\/\/linoexpress.com\/ba\/wp-json\/wp\/v2\/product_brand?post=7919"},{"taxonomy":"product_cat","embeddable":true,"href":"https:\/\/linoexpress.com\/ba\/wp-json\/wp\/v2\/product_cat?post=7919"},{"taxonomy":"product_tag","embeddable":true,"href":"https:\/\/linoexpress.com\/ba\/wp-json\/wp\/v2\/product_tag?post=7919"}],"curies":[{"name":"wp","href":"https:\/\/api.w.org\/{rel}","templated":true}]}}