{"id":8810,"date":"2022-12-28T14:47:44","date_gmt":"2022-12-28T13:47:44","guid":{"rendered":"https:\/\/linoexpress.com\/ba\/?post_type=product&#038;p=8810"},"modified":"2024-08-21T13:22:16","modified_gmt":"2024-08-21T11:22:16","slug":"bezicni-rucni-usisivac","status":"publish","type":"product","link":"https:\/\/linoexpress.com\/ba\/proizvod\/bezicni-rucni-usisivac\/","title":{"rendered":"Be\u017ei\u010dni ru\u010dni usisiva\u010d"},"content":{"rendered":"","protected":false},"excerpt":{"rendered":"<p>Lagani ru\u010dni usisiva\u010d sa sna\u017enom usisnom mo\u0107i idealan je pomo\u0107nik u svakom domu, na radnom mjestu ili u automobilu. Rije\u0161ite se ne\u010disto\u0107a i prljav\u0161tine u nekoliko poteza sa ovim vrhunskim usisiva\u010dem.<\/p>\n","protected":false},"featured_media":8817,"comment_status":"closed","ping_status":"closed","template":"","meta":{"inline_featured_image":false},"product_brand":[],"product_cat":[27,15],"product_tag":[],"class_list":{"0":"post-8810","1":"product","2":"type-product","3":"status-publish","4":"has-post-thumbnail","6":"product_cat-home","7":"product_cat-uncategorized","9":"first","10":"instock","11":"sale","12":"shipping-taxable","13":"purchasable","14":"product-type-simple"},"acf":[],"_links":{"self":[{"href":"https:\/\/linoexpress.com\/ba\/wp-json\/wp\/v2\/product\/8810","targetHints":{"allow":["GET"]}}],"collection":[{"href":"https:\/\/linoexpress.com\/ba\/wp-json\/wp\/v2\/product"}],"about":[{"href":"https:\/\/linoexpress.com\/ba\/wp-json\/wp\/v2\/types\/product"}],"replies":[{"embeddable":true,"href":"https:\/\/linoexpress.com\/ba\/wp-json\/wp\/v2\/comments?post=8810"}],"wp:featuredmedia":[{"embeddable":true,"href":"https:\/\/linoexpress.com\/ba\/wp-json\/wp\/v2\/media\/8817"}],"wp:attachment":[{"href":"https:\/\/linoexpress.com\/ba\/wp-json\/wp\/v2\/media?parent=8810"}],"wp:term":[{"taxonomy":"product_brand","embeddable":true,"href":"https:\/\/linoexpress.com\/ba\/wp-json\/wp\/v2\/product_brand?post=8810"},{"taxonomy":"product_cat","embeddable":true,"href":"https:\/\/linoexpress.com\/ba\/wp-json\/wp\/v2\/product_cat?post=8810"},{"taxonomy":"product_tag","embeddable":true,"href":"https:\/\/linoexpress.com\/ba\/wp-json\/wp\/v2\/product_tag?post=8810"}],"curies":[{"name":"wp","href":"https:\/\/api.w.org\/{rel}","templated":true}]}}