{"id":8848,"date":"2022-12-29T08:53:02","date_gmt":"2022-12-29T07:53:02","guid":{"rendered":"https:\/\/linoexpress.com\/ba\/?post_type=product&#038;p=8848"},"modified":"2023-07-09T11:21:07","modified_gmt":"2023-07-09T09:21:07","slug":"nastavak-za-rezanje-metala","status":"publish","type":"product","link":"https:\/\/linoexpress.com\/ba\/proizvod\/nastavak-za-rezanje-metala\/","title":{"rendered":"Nastavak za rezanje metala"},"content":{"rendered":"","protected":false},"excerpt":{"rendered":"<p>Velika brzina rezanja i \u010disti i precizni rezovi omogu\u0107i\u0107e vam maksimalnu efikasnost i preciznost. Savr\u0161eno se kre\u0107e po uskim uzorcima i uglovima \u0161to pru\u017ea optimalan rez svaki put.<\/p>\n","protected":false},"featured_media":8852,"comment_status":"closed","ping_status":"closed","template":"","meta":{"inline_featured_image":false},"product_brand":[],"product_cat":[27,15],"product_tag":[],"class_list":{"0":"post-8848","1":"product","2":"type-product","3":"status-publish","4":"has-post-thumbnail","6":"product_cat-home","7":"product_cat-uncategorized","9":"first","10":"instock","11":"sale","12":"shipping-taxable","13":"purchasable","14":"product-type-simple"},"acf":[],"_links":{"self":[{"href":"https:\/\/linoexpress.com\/ba\/wp-json\/wp\/v2\/product\/8848","targetHints":{"allow":["GET"]}}],"collection":[{"href":"https:\/\/linoexpress.com\/ba\/wp-json\/wp\/v2\/product"}],"about":[{"href":"https:\/\/linoexpress.com\/ba\/wp-json\/wp\/v2\/types\/product"}],"replies":[{"embeddable":true,"href":"https:\/\/linoexpress.com\/ba\/wp-json\/wp\/v2\/comments?post=8848"}],"wp:featuredmedia":[{"embeddable":true,"href":"https:\/\/linoexpress.com\/ba\/wp-json\/wp\/v2\/media\/8852"}],"wp:attachment":[{"href":"https:\/\/linoexpress.com\/ba\/wp-json\/wp\/v2\/media?parent=8848"}],"wp:term":[{"taxonomy":"product_brand","embeddable":true,"href":"https:\/\/linoexpress.com\/ba\/wp-json\/wp\/v2\/product_brand?post=8848"},{"taxonomy":"product_cat","embeddable":true,"href":"https:\/\/linoexpress.com\/ba\/wp-json\/wp\/v2\/product_cat?post=8848"},{"taxonomy":"product_tag","embeddable":true,"href":"https:\/\/linoexpress.com\/ba\/wp-json\/wp\/v2\/product_tag?post=8848"}],"curies":[{"name":"wp","href":"https:\/\/api.w.org\/{rel}","templated":true}]}}