{"id":8864,"date":"2022-12-29T09:41:03","date_gmt":"2022-12-29T08:41:03","guid":{"rendered":"https:\/\/linoexpress.com\/ba\/?post_type=product&#038;p=8864"},"modified":"2024-11-28T10:35:38","modified_gmt":"2024-11-28T09:35:38","slug":"3d-slikovnice-bajke","status":"publish","type":"product","link":"https:\/\/linoexpress.com\/ba\/proizvod\/3d-slikovnice-bajke\/","title":{"rendered":"3D slikovnice bajke"},"content":{"rendered":"","protected":false},"excerpt":{"rendered":"<p>Visokokvalitetne 3D slikovnice sa najdra\u017eim bajkama obradova\u0107e va\u0161u djecu i relaksirati ih. Neka ma\u0161ta djece bude na vrhuncu sa ovim sjajnim bajkama.<\/p>\n","protected":false},"featured_media":8867,"comment_status":"closed","ping_status":"closed","template":"","meta":{"inline_featured_image":false},"product_brand":[],"product_cat":[15,35],"product_tag":[],"class_list":{"0":"post-8864","1":"product","2":"type-product","3":"status-publish","4":"has-post-thumbnail","6":"product_cat-uncategorized","7":"product_cat-fun","9":"first","10":"instock","11":"sale","12":"shipping-taxable","13":"purchasable","14":"product-type-simple"},"acf":[],"_links":{"self":[{"href":"https:\/\/linoexpress.com\/ba\/wp-json\/wp\/v2\/product\/8864","targetHints":{"allow":["GET"]}}],"collection":[{"href":"https:\/\/linoexpress.com\/ba\/wp-json\/wp\/v2\/product"}],"about":[{"href":"https:\/\/linoexpress.com\/ba\/wp-json\/wp\/v2\/types\/product"}],"replies":[{"embeddable":true,"href":"https:\/\/linoexpress.com\/ba\/wp-json\/wp\/v2\/comments?post=8864"}],"wp:featuredmedia":[{"embeddable":true,"href":"https:\/\/linoexpress.com\/ba\/wp-json\/wp\/v2\/media\/8867"}],"wp:attachment":[{"href":"https:\/\/linoexpress.com\/ba\/wp-json\/wp\/v2\/media?parent=8864"}],"wp:term":[{"taxonomy":"product_brand","embeddable":true,"href":"https:\/\/linoexpress.com\/ba\/wp-json\/wp\/v2\/product_brand?post=8864"},{"taxonomy":"product_cat","embeddable":true,"href":"https:\/\/linoexpress.com\/ba\/wp-json\/wp\/v2\/product_cat?post=8864"},{"taxonomy":"product_tag","embeddable":true,"href":"https:\/\/linoexpress.com\/ba\/wp-json\/wp\/v2\/product_tag?post=8864"}],"curies":[{"name":"wp","href":"https:\/\/api.w.org\/{rel}","templated":true}]}}