{"id":9085,"date":"2023-01-16T14:16:38","date_gmt":"2023-01-16T13:16:38","guid":{"rendered":"https:\/\/linoexpress.com\/ba\/?post_type=product&#038;p=9085"},"modified":"2024-10-11T11:12:31","modified_gmt":"2024-10-11T09:12:31","slug":"djecija-bojanka-u-rolni","status":"publish","type":"product","link":"https:\/\/linoexpress.com\/ba\/proizvod\/djecija-bojanka-u-rolni\/","title":{"rendered":"Dje\u010dija bojanka u rolni"},"content":{"rendered":"","protected":false},"excerpt":{"rendered":"<p>Fenomenalna bojanka u rolni odli\u010dna je zabava za va\u0161u djecu. Mnogo interesantnih oblika i mogu\u0107nost lakog postavljanja super \u0107e ispuniti vrijeme va\u0161e djece.<\/p>\n","protected":false},"featured_media":9092,"comment_status":"closed","ping_status":"closed","template":"","meta":{"inline_featured_image":false},"product_brand":[],"product_cat":[15,35],"product_tag":[],"class_list":{"0":"post-9085","1":"product","2":"type-product","3":"status-publish","4":"has-post-thumbnail","6":"product_cat-uncategorized","7":"product_cat-fun","9":"first","10":"instock","11":"sale","12":"shipping-taxable","13":"purchasable","14":"product-type-simple"},"acf":[],"_links":{"self":[{"href":"https:\/\/linoexpress.com\/ba\/wp-json\/wp\/v2\/product\/9085","targetHints":{"allow":["GET"]}}],"collection":[{"href":"https:\/\/linoexpress.com\/ba\/wp-json\/wp\/v2\/product"}],"about":[{"href":"https:\/\/linoexpress.com\/ba\/wp-json\/wp\/v2\/types\/product"}],"replies":[{"embeddable":true,"href":"https:\/\/linoexpress.com\/ba\/wp-json\/wp\/v2\/comments?post=9085"}],"wp:featuredmedia":[{"embeddable":true,"href":"https:\/\/linoexpress.com\/ba\/wp-json\/wp\/v2\/media\/9092"}],"wp:attachment":[{"href":"https:\/\/linoexpress.com\/ba\/wp-json\/wp\/v2\/media?parent=9085"}],"wp:term":[{"taxonomy":"product_brand","embeddable":true,"href":"https:\/\/linoexpress.com\/ba\/wp-json\/wp\/v2\/product_brand?post=9085"},{"taxonomy":"product_cat","embeddable":true,"href":"https:\/\/linoexpress.com\/ba\/wp-json\/wp\/v2\/product_cat?post=9085"},{"taxonomy":"product_tag","embeddable":true,"href":"https:\/\/linoexpress.com\/ba\/wp-json\/wp\/v2\/product_tag?post=9085"}],"curies":[{"name":"wp","href":"https:\/\/api.w.org\/{rel}","templated":true}]}}