{"id":9097,"date":"2023-01-16T15:07:41","date_gmt":"2023-01-16T14:07:41","guid":{"rendered":"https:\/\/linoexpress.com\/ba\/?post_type=product&#038;p=9097"},"modified":"2026-01-20T12:00:58","modified_gmt":"2026-01-20T11:00:58","slug":"protuklizni-nastavci-za-obucu","status":"publish","type":"product","link":"https:\/\/linoexpress.com\/ba\/proizvod\/protuklizni-nastavci-za-obucu\/","title":{"rendered":"Protuklizni nastavci za obu\u0107u"},"content":{"rendered":"","protected":false},"excerpt":{"rendered":"<p>Budite bezbjedni prilikom omiljenih sportskih aktivnosti ili tokom velikih zima kad je mnogo leda. Savr\u0161eno prakti\u010dno rje\u0161enje protiv proklizavanja.<\/p>\n","protected":false},"featured_media":9103,"comment_status":"closed","ping_status":"closed","template":"","meta":{"inline_featured_image":false},"product_brand":[],"product_cat":[27,15,35],"product_tag":[],"class_list":{"0":"post-9097","1":"product","2":"type-product","3":"status-publish","4":"has-post-thumbnail","6":"product_cat-home","7":"product_cat-uncategorized","8":"product_cat-fun","10":"first","11":"instock","12":"sale","13":"shipping-taxable","14":"purchasable","15":"product-type-variable"},"acf":[],"_links":{"self":[{"href":"https:\/\/linoexpress.com\/ba\/wp-json\/wp\/v2\/product\/9097","targetHints":{"allow":["GET"]}}],"collection":[{"href":"https:\/\/linoexpress.com\/ba\/wp-json\/wp\/v2\/product"}],"about":[{"href":"https:\/\/linoexpress.com\/ba\/wp-json\/wp\/v2\/types\/product"}],"replies":[{"embeddable":true,"href":"https:\/\/linoexpress.com\/ba\/wp-json\/wp\/v2\/comments?post=9097"}],"wp:featuredmedia":[{"embeddable":true,"href":"https:\/\/linoexpress.com\/ba\/wp-json\/wp\/v2\/media\/9103"}],"wp:attachment":[{"href":"https:\/\/linoexpress.com\/ba\/wp-json\/wp\/v2\/media?parent=9097"}],"wp:term":[{"taxonomy":"product_brand","embeddable":true,"href":"https:\/\/linoexpress.com\/ba\/wp-json\/wp\/v2\/product_brand?post=9097"},{"taxonomy":"product_cat","embeddable":true,"href":"https:\/\/linoexpress.com\/ba\/wp-json\/wp\/v2\/product_cat?post=9097"},{"taxonomy":"product_tag","embeddable":true,"href":"https:\/\/linoexpress.com\/ba\/wp-json\/wp\/v2\/product_tag?post=9097"}],"curies":[{"name":"wp","href":"https:\/\/api.w.org\/{rel}","templated":true}]}}