{"id":9302,"date":"2023-01-24T09:29:05","date_gmt":"2023-01-24T08:29:05","guid":{"rendered":"https:\/\/linoexpress.com\/ba\/?post_type=product&#038;p=9302"},"modified":"2023-01-24T09:41:11","modified_gmt":"2023-01-24T08:41:11","slug":"vikinska-ruka-pomocni-alat-vikhand","status":"publish","type":"product","link":"https:\/\/linoexpress.com\/ba\/proizvod\/vikinska-ruka-pomocni-alat-vikhand\/","title":{"rendered":"Vikin\u0161ka ruka (pomo\u0107ni alat) &#8211; VikHand"},"content":{"rendered":"","protected":false},"excerpt":{"rendered":"<p>U\u0161tedite svoje dragocjeno vrijeme i novac i ne ula\u017eite nepotrebno napor u svakodnevnim majstorijama, uz pomo\u0107 ove prakti\u010dne i sna\u017ene alatke koja \u0107e vam biti od velike pomo\u0107i pri najrazli\u010ditijim poslovima.<\/p>\n","protected":false},"featured_media":9304,"comment_status":"closed","ping_status":"closed","template":"","meta":{"inline_featured_image":false},"product_brand":[],"product_cat":[27,24,15],"product_tag":[],"class_list":{"0":"post-9302","1":"product","2":"type-product","3":"status-publish","4":"has-post-thumbnail","6":"product_cat-home","7":"product_cat-sale","8":"product_cat-uncategorized","10":"first","11":"instock","12":"sale","13":"shipping-taxable","14":"purchasable","15":"product-type-simple"},"acf":[],"_links":{"self":[{"href":"https:\/\/linoexpress.com\/ba\/wp-json\/wp\/v2\/product\/9302","targetHints":{"allow":["GET"]}}],"collection":[{"href":"https:\/\/linoexpress.com\/ba\/wp-json\/wp\/v2\/product"}],"about":[{"href":"https:\/\/linoexpress.com\/ba\/wp-json\/wp\/v2\/types\/product"}],"replies":[{"embeddable":true,"href":"https:\/\/linoexpress.com\/ba\/wp-json\/wp\/v2\/comments?post=9302"}],"wp:featuredmedia":[{"embeddable":true,"href":"https:\/\/linoexpress.com\/ba\/wp-json\/wp\/v2\/media\/9304"}],"wp:attachment":[{"href":"https:\/\/linoexpress.com\/ba\/wp-json\/wp\/v2\/media?parent=9302"}],"wp:term":[{"taxonomy":"product_brand","embeddable":true,"href":"https:\/\/linoexpress.com\/ba\/wp-json\/wp\/v2\/product_brand?post=9302"},{"taxonomy":"product_cat","embeddable":true,"href":"https:\/\/linoexpress.com\/ba\/wp-json\/wp\/v2\/product_cat?post=9302"},{"taxonomy":"product_tag","embeddable":true,"href":"https:\/\/linoexpress.com\/ba\/wp-json\/wp\/v2\/product_tag?post=9302"}],"curies":[{"name":"wp","href":"https:\/\/api.w.org\/{rel}","templated":true}]}}