{"id":9544,"date":"2026-03-24T20:00:56","date_gmt":"2026-03-24T19:00:56","guid":{"rendered":"https:\/\/linoexpress.com\/ba\/?post_type=product&#038;p=9544"},"modified":"2026-03-24T23:56:24","modified_gmt":"2026-03-24T22:56:24","slug":"11-gratis-samoljepljive-trepavice-za-visekratnu-upotrebu","status":"publish","type":"product","link":"https:\/\/linoexpress.com\/ba\/proizvod\/11-gratis-samoljepljive-trepavice-za-visekratnu-upotrebu\/","title":{"rendered":"1+1 GRATIS Samoljepljive trepavice za vi\u0161ekratnu upotrebu"},"content":{"rendered":"","protected":false},"excerpt":{"rendered":"<p>Isprobajte na\u0161e samoljepljive trepavice za vi\u0161ekratnu upotrebu, koje se lako i brzo nanose, \u0161to znatno olak\u0161ava nano\u0161enje \u0161minke.\u00a0Prirodne su poput va\u0161ih vlastitih trepavica i mogu se ponovno koristiti.<\/p>\n","protected":false},"featured_media":6578,"comment_status":"closed","ping_status":"closed","template":"","meta":{"inline_featured_image":false},"product_brand":[],"product_cat":[28,24,15],"product_tag":[],"class_list":{"0":"post-9544","1":"product","2":"type-product","3":"status-publish","4":"has-post-thumbnail","6":"product_cat-beauty","7":"product_cat-sale","8":"product_cat-uncategorized","10":"first","11":"instock","12":"sale","13":"shipping-taxable","14":"purchasable","15":"product-type-simple"},"acf":[],"_links":{"self":[{"href":"https:\/\/linoexpress.com\/ba\/wp-json\/wp\/v2\/product\/9544","targetHints":{"allow":["GET"]}}],"collection":[{"href":"https:\/\/linoexpress.com\/ba\/wp-json\/wp\/v2\/product"}],"about":[{"href":"https:\/\/linoexpress.com\/ba\/wp-json\/wp\/v2\/types\/product"}],"replies":[{"embeddable":true,"href":"https:\/\/linoexpress.com\/ba\/wp-json\/wp\/v2\/comments?post=9544"}],"wp:featuredmedia":[{"embeddable":true,"href":"https:\/\/linoexpress.com\/ba\/wp-json\/wp\/v2\/media\/6578"}],"wp:attachment":[{"href":"https:\/\/linoexpress.com\/ba\/wp-json\/wp\/v2\/media?parent=9544"}],"wp:term":[{"taxonomy":"product_brand","embeddable":true,"href":"https:\/\/linoexpress.com\/ba\/wp-json\/wp\/v2\/product_brand?post=9544"},{"taxonomy":"product_cat","embeddable":true,"href":"https:\/\/linoexpress.com\/ba\/wp-json\/wp\/v2\/product_cat?post=9544"},{"taxonomy":"product_tag","embeddable":true,"href":"https:\/\/linoexpress.com\/ba\/wp-json\/wp\/v2\/product_tag?post=9544"}],"curies":[{"name":"wp","href":"https:\/\/api.w.org\/{rel}","templated":true}]}}