{"id":10003,"date":"2023-03-08T13:29:34","date_gmt":"2023-03-08T12:29:34","guid":{"rendered":"https:\/\/linoexpress.com\/cz\/?post_type=product&#038;p=10003"},"modified":"2023-03-21T08:28:33","modified_gmt":"2023-03-21T07:28:33","slug":"nastroj-pro-testovani-automobilovych-rele-2","status":"publish","type":"product","link":"https:\/\/linoexpress.com\/cz\/produkt\/nastroj-pro-testovani-automobilovych-rele-2\/","title":{"rendered":"N\u00e1stroj pro testov\u00e1n\u00ed automobilov\u00fdch rel\u00e9"},"content":{"rendered":"","protected":false},"excerpt":{"rendered":"<p>Kompaktn\u00ed a praktick\u00fd tester rel\u00e9 do auta je skv\u011bl\u00e1 v\u011bc, kterou byste m\u011bli m\u00edt v\u017edy ve sv\u00e9m aut\u011b.<\/p>\n","protected":false},"featured_media":10011,"comment_status":"closed","ping_status":"closed","template":"","meta":{"inline_featured_image":false},"product_brand":[],"product_cat":[25,15],"product_tag":[],"class_list":{"0":"post-10003","1":"product","2":"type-product","3":"status-publish","4":"has-post-thumbnail","6":"product_cat-car","7":"product_cat-uncategorized","9":"first","10":"instock","11":"sale","12":"taxable","13":"shipping-taxable","14":"purchasable","15":"product-type-simple"},"acf":[],"_links":{"self":[{"href":"https:\/\/linoexpress.com\/cz\/wp-json\/wp\/v2\/product\/10003","targetHints":{"allow":["GET"]}}],"collection":[{"href":"https:\/\/linoexpress.com\/cz\/wp-json\/wp\/v2\/product"}],"about":[{"href":"https:\/\/linoexpress.com\/cz\/wp-json\/wp\/v2\/types\/product"}],"replies":[{"embeddable":true,"href":"https:\/\/linoexpress.com\/cz\/wp-json\/wp\/v2\/comments?post=10003"}],"wp:featuredmedia":[{"embeddable":true,"href":"https:\/\/linoexpress.com\/cz\/wp-json\/wp\/v2\/media\/10011"}],"wp:attachment":[{"href":"https:\/\/linoexpress.com\/cz\/wp-json\/wp\/v2\/media?parent=10003"}],"wp:term":[{"taxonomy":"product_brand","embeddable":true,"href":"https:\/\/linoexpress.com\/cz\/wp-json\/wp\/v2\/product_brand?post=10003"},{"taxonomy":"product_cat","embeddable":true,"href":"https:\/\/linoexpress.com\/cz\/wp-json\/wp\/v2\/product_cat?post=10003"},{"taxonomy":"product_tag","embeddable":true,"href":"https:\/\/linoexpress.com\/cz\/wp-json\/wp\/v2\/product_tag?post=10003"}],"curies":[{"name":"wp","href":"https:\/\/api.w.org\/{rel}","templated":true}]}}