{"id":11012,"date":"2023-04-20T10:57:02","date_gmt":"2023-04-20T08:57:02","guid":{"rendered":"https:\/\/linoexpress.com\/cz\/?post_type=product&#038;p=11012"},"modified":"2025-04-22T16:23:27","modified_gmt":"2025-04-22T14:23:27","slug":"prenosna-mini-kamera","status":"publish","type":"product","link":"https:\/\/linoexpress.com\/cz\/produkt\/prenosna-mini-kamera\/","title":{"rendered":"P\u0159enosn\u00e1 mini kamera"},"content":{"rendered":"","protected":false},"excerpt":{"rendered":"<p>Mini p\u0159enosn\u00e1 kamera s\u00a0vynikaj\u00edc\u00edm zaost\u0159en\u00edm, p\u0159enosn\u00e1 a snadno pou\u017eiteln\u00e1.<\/p>\n<p>&nbsp;<\/p>\n<p>&nbsp;<\/p>\n<p>&nbsp;<\/p>\n<p>&nbsp;<\/p>\n","protected":false},"featured_media":11022,"comment_status":"closed","ping_status":"closed","template":"","meta":{"inline_featured_image":false},"product_brand":[],"product_cat":[15],"product_tag":[],"class_list":{"0":"post-11012","1":"product","2":"type-product","3":"status-publish","4":"has-post-thumbnail","6":"product_cat-uncategorized","8":"first","9":"instock","10":"sale","11":"taxable","12":"shipping-taxable","13":"purchasable","14":"product-type-simple"},"acf":[],"_links":{"self":[{"href":"https:\/\/linoexpress.com\/cz\/wp-json\/wp\/v2\/product\/11012","targetHints":{"allow":["GET"]}}],"collection":[{"href":"https:\/\/linoexpress.com\/cz\/wp-json\/wp\/v2\/product"}],"about":[{"href":"https:\/\/linoexpress.com\/cz\/wp-json\/wp\/v2\/types\/product"}],"replies":[{"embeddable":true,"href":"https:\/\/linoexpress.com\/cz\/wp-json\/wp\/v2\/comments?post=11012"}],"wp:featuredmedia":[{"embeddable":true,"href":"https:\/\/linoexpress.com\/cz\/wp-json\/wp\/v2\/media\/11022"}],"wp:attachment":[{"href":"https:\/\/linoexpress.com\/cz\/wp-json\/wp\/v2\/media?parent=11012"}],"wp:term":[{"taxonomy":"product_brand","embeddable":true,"href":"https:\/\/linoexpress.com\/cz\/wp-json\/wp\/v2\/product_brand?post=11012"},{"taxonomy":"product_cat","embeddable":true,"href":"https:\/\/linoexpress.com\/cz\/wp-json\/wp\/v2\/product_cat?post=11012"},{"taxonomy":"product_tag","embeddable":true,"href":"https:\/\/linoexpress.com\/cz\/wp-json\/wp\/v2\/product_tag?post=11012"}],"curies":[{"name":"wp","href":"https:\/\/api.w.org\/{rel}","templated":true}]}}