{"id":11183,"date":"2023-04-25T09:01:06","date_gmt":"2023-04-25T07:01:06","guid":{"rendered":"https:\/\/linoexpress.com\/cz\/?post_type=product&#038;p=11183"},"modified":"2023-04-28T11:22:44","modified_gmt":"2023-04-28T09:22:44","slug":"multifunkcni-cvicebni-zarizeni","status":"publish","type":"product","link":"https:\/\/linoexpress.com\/cz\/produkt\/multifunkcni-cvicebni-zarizeni\/","title":{"rendered":"Multifunk\u010dn\u00ed cvi\u010debn\u00ed za\u0159\u00edzen\u00ed"},"content":{"rendered":"","protected":false},"excerpt":{"rendered":"<p>Ide\u00e1ln\u00ed pom\u016fcka pro pos\u00edlen\u00ed a zpevn\u011bn\u00ed v\u0161ech sval\u016f, zpevn\u011bn\u00ed a tonizaci zad, ramen, pa\u017e\u00ed, hrudn\u00edku, triceps\u016f a b\u0159icha, v\u010detn\u011b \u0161ikm\u00fdch sval\u016f a flexor\u016f ky\u010dle. Z\u00edskejte nejlep\u0161\u00ed formu s jedn\u00edm za\u0159\u00edzen\u00edm!<\/p>\n<p>&nbsp;<\/p>\n<p>&nbsp;<\/p>\n<p>&nbsp;<\/p>\n<p>&nbsp;<\/p>\n","protected":false},"featured_media":11189,"comment_status":"closed","ping_status":"closed","template":"","meta":{"inline_featured_image":false},"product_brand":[],"product_cat":[15],"product_tag":[],"class_list":{"0":"post-11183","1":"product","2":"type-product","3":"status-publish","4":"has-post-thumbnail","6":"product_cat-uncategorized","8":"first","9":"instock","10":"sale","11":"taxable","12":"shipping-taxable","13":"purchasable","14":"product-type-simple"},"acf":[],"_links":{"self":[{"href":"https:\/\/linoexpress.com\/cz\/wp-json\/wp\/v2\/product\/11183","targetHints":{"allow":["GET"]}}],"collection":[{"href":"https:\/\/linoexpress.com\/cz\/wp-json\/wp\/v2\/product"}],"about":[{"href":"https:\/\/linoexpress.com\/cz\/wp-json\/wp\/v2\/types\/product"}],"replies":[{"embeddable":true,"href":"https:\/\/linoexpress.com\/cz\/wp-json\/wp\/v2\/comments?post=11183"}],"wp:featuredmedia":[{"embeddable":true,"href":"https:\/\/linoexpress.com\/cz\/wp-json\/wp\/v2\/media\/11189"}],"wp:attachment":[{"href":"https:\/\/linoexpress.com\/cz\/wp-json\/wp\/v2\/media?parent=11183"}],"wp:term":[{"taxonomy":"product_brand","embeddable":true,"href":"https:\/\/linoexpress.com\/cz\/wp-json\/wp\/v2\/product_brand?post=11183"},{"taxonomy":"product_cat","embeddable":true,"href":"https:\/\/linoexpress.com\/cz\/wp-json\/wp\/v2\/product_cat?post=11183"},{"taxonomy":"product_tag","embeddable":true,"href":"https:\/\/linoexpress.com\/cz\/wp-json\/wp\/v2\/product_tag?post=11183"}],"curies":[{"name":"wp","href":"https:\/\/api.w.org\/{rel}","templated":true}]}}