{"id":11271,"date":"2023-04-27T09:09:06","date_gmt":"2023-04-27T07:09:06","guid":{"rendered":"https:\/\/linoexpress.com\/cz\/?post_type=product&#038;p=11271"},"modified":"2023-05-05T10:34:16","modified_gmt":"2023-05-05T08:34:16","slug":"zestihlujici-stahovaci-pradlo","status":"publish","type":"product","link":"https:\/\/linoexpress.com\/cz\/produkt\/zestihlujici-stahovaci-pradlo\/","title":{"rendered":"Ze\u0161t\u00edhluj\u00edc\u00ed stahovac\u00ed pr\u00e1dlo"},"content":{"rendered":"","protected":false},"excerpt":{"rendered":"<p>Dos\u00e1hn\u011bte \u00fa\u017easn\u00e9ho vzhledu s t\u011bmito pun\u010dochov\u00fdmi kalhotami, kter\u00e9 tvaruj\u00ed pas a stehna pro celodenn\u00ed ka\u017edodenn\u00ed pohodl\u00ed.<\/p>\n","protected":false},"featured_media":11290,"comment_status":"closed","ping_status":"closed","template":"","meta":{"inline_featured_image":false},"product_brand":[],"product_cat":[28,15,26],"product_tag":[],"class_list":{"0":"post-11271","1":"product","2":"type-product","3":"status-publish","4":"has-post-thumbnail","6":"product_cat-beauty","7":"product_cat-uncategorized","8":"product_cat-health","10":"first","11":"instock","12":"sale","13":"taxable","14":"shipping-taxable","15":"purchasable","16":"product-type-variable"},"acf":[],"_links":{"self":[{"href":"https:\/\/linoexpress.com\/cz\/wp-json\/wp\/v2\/product\/11271","targetHints":{"allow":["GET"]}}],"collection":[{"href":"https:\/\/linoexpress.com\/cz\/wp-json\/wp\/v2\/product"}],"about":[{"href":"https:\/\/linoexpress.com\/cz\/wp-json\/wp\/v2\/types\/product"}],"replies":[{"embeddable":true,"href":"https:\/\/linoexpress.com\/cz\/wp-json\/wp\/v2\/comments?post=11271"}],"wp:featuredmedia":[{"embeddable":true,"href":"https:\/\/linoexpress.com\/cz\/wp-json\/wp\/v2\/media\/11290"}],"wp:attachment":[{"href":"https:\/\/linoexpress.com\/cz\/wp-json\/wp\/v2\/media?parent=11271"}],"wp:term":[{"taxonomy":"product_brand","embeddable":true,"href":"https:\/\/linoexpress.com\/cz\/wp-json\/wp\/v2\/product_brand?post=11271"},{"taxonomy":"product_cat","embeddable":true,"href":"https:\/\/linoexpress.com\/cz\/wp-json\/wp\/v2\/product_cat?post=11271"},{"taxonomy":"product_tag","embeddable":true,"href":"https:\/\/linoexpress.com\/cz\/wp-json\/wp\/v2\/product_tag?post=11271"}],"curies":[{"name":"wp","href":"https:\/\/api.w.org\/{rel}","templated":true}]}}