{"id":11897,"date":"2023-05-16T10:20:08","date_gmt":"2023-05-16T08:20:08","guid":{"rendered":"https:\/\/linoexpress.com\/cz\/?post_type=product&#038;p=11897"},"modified":"2025-04-22T16:23:56","modified_gmt":"2025-04-22T14:23:56","slug":"prenosna-mini-kamera-2","status":"publish","type":"product","link":"https:\/\/linoexpress.com\/cz\/produkt\/prenosna-mini-kamera-2\/","title":{"rendered":"P\u0159enosn\u00e1 mini kamera"},"content":{"rendered":"","protected":false},"excerpt":{"rendered":"<p>Mini p\u0159enosn\u00e1 kamera s vynikaj\u00edc\u00edm zaost\u0159en\u00edm, p\u0159enosn\u00e1 a snadno pou\u017eiteln\u00e1.<\/p>\n","protected":false},"featured_media":20967,"comment_status":"closed","ping_status":"closed","template":"","meta":{"inline_featured_image":false},"product_brand":[],"product_cat":[25,27,15],"product_tag":[],"class_list":{"0":"post-11897","1":"product","2":"type-product","3":"status-publish","4":"has-post-thumbnail","6":"product_cat-car","7":"product_cat-home","8":"product_cat-uncategorized","10":"first","11":"instock","12":"sale","13":"taxable","14":"shipping-taxable","15":"purchasable","16":"product-type-simple"},"acf":[],"_links":{"self":[{"href":"https:\/\/linoexpress.com\/cz\/wp-json\/wp\/v2\/product\/11897","targetHints":{"allow":["GET"]}}],"collection":[{"href":"https:\/\/linoexpress.com\/cz\/wp-json\/wp\/v2\/product"}],"about":[{"href":"https:\/\/linoexpress.com\/cz\/wp-json\/wp\/v2\/types\/product"}],"replies":[{"embeddable":true,"href":"https:\/\/linoexpress.com\/cz\/wp-json\/wp\/v2\/comments?post=11897"}],"wp:featuredmedia":[{"embeddable":true,"href":"https:\/\/linoexpress.com\/cz\/wp-json\/wp\/v2\/media\/20967"}],"wp:attachment":[{"href":"https:\/\/linoexpress.com\/cz\/wp-json\/wp\/v2\/media?parent=11897"}],"wp:term":[{"taxonomy":"product_brand","embeddable":true,"href":"https:\/\/linoexpress.com\/cz\/wp-json\/wp\/v2\/product_brand?post=11897"},{"taxonomy":"product_cat","embeddable":true,"href":"https:\/\/linoexpress.com\/cz\/wp-json\/wp\/v2\/product_cat?post=11897"},{"taxonomy":"product_tag","embeddable":true,"href":"https:\/\/linoexpress.com\/cz\/wp-json\/wp\/v2\/product_tag?post=11897"}],"curies":[{"name":"wp","href":"https:\/\/api.w.org\/{rel}","templated":true}]}}