{"id":12968,"date":"2023-07-03T12:24:48","date_gmt":"2023-07-03T10:24:48","guid":{"rendered":"https:\/\/linoexpress.com\/cz\/?post_type=product&#038;p=12968"},"modified":"2024-09-09T12:02:17","modified_gmt":"2024-09-09T10:02:17","slug":"montessori-kreativni-sada-pro-bodaci-malovani","status":"publish","type":"product","link":"https:\/\/linoexpress.com\/cz\/produkt\/montessori-kreativni-sada-pro-bodaci-malovani\/","title":{"rendered":"Montessori kreativn\u00ed sada pro bodac\u00ed malov\u00e1n\u00ed"},"content":{"rendered":"","protected":false},"excerpt":{"rendered":"<p>Nechte d\u011bti vyj\u00e1d\u0159it svou kreativitu pomoc\u00ed t\u00e9to fantastick\u00e9 sady neobvykl\u00e9ho malov\u00e1n\u00ed. Speci\u00e1ln\u00ed technika bodac\u00edho malov\u00e1n\u00ed pot\u011b\u0161\u00ed ka\u017ed\u00e9 d\u00edt\u011b!<\/p>\n","protected":false},"featured_media":12886,"comment_status":"closed","ping_status":"closed","template":"","meta":{"inline_featured_image":false},"product_brand":[],"product_cat":[15,35],"product_tag":[],"class_list":{"0":"post-12968","1":"product","2":"type-product","3":"status-publish","4":"has-post-thumbnail","6":"product_cat-uncategorized","7":"product_cat-fun","9":"first","10":"instock","11":"sale","12":"taxable","13":"shipping-taxable","14":"purchasable","15":"product-type-simple"},"acf":[],"_links":{"self":[{"href":"https:\/\/linoexpress.com\/cz\/wp-json\/wp\/v2\/product\/12968","targetHints":{"allow":["GET"]}}],"collection":[{"href":"https:\/\/linoexpress.com\/cz\/wp-json\/wp\/v2\/product"}],"about":[{"href":"https:\/\/linoexpress.com\/cz\/wp-json\/wp\/v2\/types\/product"}],"replies":[{"embeddable":true,"href":"https:\/\/linoexpress.com\/cz\/wp-json\/wp\/v2\/comments?post=12968"}],"wp:featuredmedia":[{"embeddable":true,"href":"https:\/\/linoexpress.com\/cz\/wp-json\/wp\/v2\/media\/12886"}],"wp:attachment":[{"href":"https:\/\/linoexpress.com\/cz\/wp-json\/wp\/v2\/media?parent=12968"}],"wp:term":[{"taxonomy":"product_brand","embeddable":true,"href":"https:\/\/linoexpress.com\/cz\/wp-json\/wp\/v2\/product_brand?post=12968"},{"taxonomy":"product_cat","embeddable":true,"href":"https:\/\/linoexpress.com\/cz\/wp-json\/wp\/v2\/product_cat?post=12968"},{"taxonomy":"product_tag","embeddable":true,"href":"https:\/\/linoexpress.com\/cz\/wp-json\/wp\/v2\/product_tag?post=12968"}],"curies":[{"name":"wp","href":"https:\/\/api.w.org\/{rel}","templated":true}]}}