{"id":12994,"date":"2023-07-04T10:51:25","date_gmt":"2023-07-04T08:51:25","guid":{"rendered":"https:\/\/linoexpress.com\/cz\/?post_type=product&#038;p=12994"},"modified":"2024-06-19T12:04:44","modified_gmt":"2024-06-19T10:04:44","slug":"mini-gps-lokator-2","status":"publish","type":"product","link":"https:\/\/linoexpress.com\/cz\/produkt\/mini-gps-lokator-2\/","title":{"rendered":"Mini GPS lok\u00e1tor"},"content":{"rendered":"","protected":false},"excerpt":{"rendered":"<p>GPS lok\u00e1tor pro sledov\u00e1n\u00ed aut nebo jin\u00fdch vozidel, zv\u00ed\u0159at a jin\u00fdch cennost\u00ed!<\/p>\n","protected":false},"featured_media":12642,"comment_status":"closed","ping_status":"closed","template":"","meta":{"inline_featured_image":false},"product_brand":[],"product_cat":[25,15],"product_tag":[],"class_list":{"0":"post-12994","1":"product","2":"type-product","3":"status-publish","4":"has-post-thumbnail","6":"product_cat-car","7":"product_cat-uncategorized","9":"first","10":"instock","11":"sale","12":"taxable","13":"shipping-taxable","14":"purchasable","15":"product-type-simple"},"acf":[],"_links":{"self":[{"href":"https:\/\/linoexpress.com\/cz\/wp-json\/wp\/v2\/product\/12994","targetHints":{"allow":["GET"]}}],"collection":[{"href":"https:\/\/linoexpress.com\/cz\/wp-json\/wp\/v2\/product"}],"about":[{"href":"https:\/\/linoexpress.com\/cz\/wp-json\/wp\/v2\/types\/product"}],"replies":[{"embeddable":true,"href":"https:\/\/linoexpress.com\/cz\/wp-json\/wp\/v2\/comments?post=12994"}],"wp:featuredmedia":[{"embeddable":true,"href":"https:\/\/linoexpress.com\/cz\/wp-json\/wp\/v2\/media\/12642"}],"wp:attachment":[{"href":"https:\/\/linoexpress.com\/cz\/wp-json\/wp\/v2\/media?parent=12994"}],"wp:term":[{"taxonomy":"product_brand","embeddable":true,"href":"https:\/\/linoexpress.com\/cz\/wp-json\/wp\/v2\/product_brand?post=12994"},{"taxonomy":"product_cat","embeddable":true,"href":"https:\/\/linoexpress.com\/cz\/wp-json\/wp\/v2\/product_cat?post=12994"},{"taxonomy":"product_tag","embeddable":true,"href":"https:\/\/linoexpress.com\/cz\/wp-json\/wp\/v2\/product_tag?post=12994"}],"curies":[{"name":"wp","href":"https:\/\/api.w.org\/{rel}","templated":true}]}}