{"id":13231,"date":"2023-07-11T14:41:22","date_gmt":"2023-07-11T12:41:22","guid":{"rendered":"https:\/\/linoexpress.com\/cz\/?post_type=product&#038;p=13231"},"modified":"2024-07-07T13:26:19","modified_gmt":"2024-07-07T11:26:19","slug":"sampon-na-ztmaveni-sedivych-vlasu","status":"publish","type":"product","link":"https:\/\/linoexpress.com\/cz\/produkt\/sampon-na-ztmaveni-sedivych-vlasu\/","title":{"rendered":"\u0160ampon na ztmaven\u00ed \u0161ediv\u00fdch vlas\u016f"},"content":{"rendered":"","protected":false},"excerpt":{"rendered":"<p>Postupn\u011b se zbavte \u0161ediv\u00fdch vlas\u016f s t\u00edmto \u00fa\u010dinn\u00fdm \u0161amponem. Jednoduch\u00e9 a snadn\u00e9 &#8211; jako \u0161ampon!<\/p>\n","protected":false},"featured_media":13244,"comment_status":"closed","ping_status":"closed","template":"","meta":{"inline_featured_image":false},"product_brand":[],"product_cat":[28,15,26],"product_tag":[],"class_list":{"0":"post-13231","1":"product","2":"type-product","3":"status-publish","4":"has-post-thumbnail","6":"product_cat-beauty","7":"product_cat-uncategorized","8":"product_cat-health","10":"first","11":"instock","12":"sale","13":"taxable","14":"shipping-taxable","15":"purchasable","16":"product-type-simple"},"acf":[],"_links":{"self":[{"href":"https:\/\/linoexpress.com\/cz\/wp-json\/wp\/v2\/product\/13231","targetHints":{"allow":["GET"]}}],"collection":[{"href":"https:\/\/linoexpress.com\/cz\/wp-json\/wp\/v2\/product"}],"about":[{"href":"https:\/\/linoexpress.com\/cz\/wp-json\/wp\/v2\/types\/product"}],"replies":[{"embeddable":true,"href":"https:\/\/linoexpress.com\/cz\/wp-json\/wp\/v2\/comments?post=13231"}],"wp:featuredmedia":[{"embeddable":true,"href":"https:\/\/linoexpress.com\/cz\/wp-json\/wp\/v2\/media\/13244"}],"wp:attachment":[{"href":"https:\/\/linoexpress.com\/cz\/wp-json\/wp\/v2\/media?parent=13231"}],"wp:term":[{"taxonomy":"product_brand","embeddable":true,"href":"https:\/\/linoexpress.com\/cz\/wp-json\/wp\/v2\/product_brand?post=13231"},{"taxonomy":"product_cat","embeddable":true,"href":"https:\/\/linoexpress.com\/cz\/wp-json\/wp\/v2\/product_cat?post=13231"},{"taxonomy":"product_tag","embeddable":true,"href":"https:\/\/linoexpress.com\/cz\/wp-json\/wp\/v2\/product_tag?post=13231"}],"curies":[{"name":"wp","href":"https:\/\/api.w.org\/{rel}","templated":true}]}}