{"id":13377,"date":"2023-07-14T09:05:52","date_gmt":"2023-07-14T07:05:52","guid":{"rendered":"https:\/\/linoexpress.com\/cz\/?post_type=product&#038;p=13377"},"modified":"2023-07-15T09:20:48","modified_gmt":"2023-07-15T07:20:48","slug":"montessori-magneticka-hra-na-trideni-cisel-a-barev","status":"publish","type":"product","link":"https:\/\/linoexpress.com\/cz\/produkt\/montessori-magneticka-hra-na-trideni-cisel-a-barev\/","title":{"rendered":"Montessori magnetick\u00e1 hra na t\u0159\u00edd\u011bn\u00ed \u010d\u00edsel a barev"},"content":{"rendered":"","protected":false},"excerpt":{"rendered":"<p>Labyrintov\u00e1 hra\u010dka s magnety, fenomen\u00e1ln\u00ed pro rozvoj motoriky, u\u010den\u00ed barev, \u010d\u00edsel a procvi\u010dov\u00e1n\u00ed p\u0159esnosti a trp\u011blivosti!<\/p>\n","protected":false},"featured_media":13381,"comment_status":"closed","ping_status":"closed","template":"","meta":{"inline_featured_image":false},"product_brand":[],"product_cat":[15],"product_tag":[],"class_list":{"0":"post-13377","1":"product","2":"type-product","3":"status-publish","4":"has-post-thumbnail","6":"product_cat-uncategorized","8":"first","9":"instock","10":"sale","11":"taxable","12":"shipping-taxable","13":"purchasable","14":"product-type-simple"},"acf":[],"_links":{"self":[{"href":"https:\/\/linoexpress.com\/cz\/wp-json\/wp\/v2\/product\/13377","targetHints":{"allow":["GET"]}}],"collection":[{"href":"https:\/\/linoexpress.com\/cz\/wp-json\/wp\/v2\/product"}],"about":[{"href":"https:\/\/linoexpress.com\/cz\/wp-json\/wp\/v2\/types\/product"}],"replies":[{"embeddable":true,"href":"https:\/\/linoexpress.com\/cz\/wp-json\/wp\/v2\/comments?post=13377"}],"wp:featuredmedia":[{"embeddable":true,"href":"https:\/\/linoexpress.com\/cz\/wp-json\/wp\/v2\/media\/13381"}],"wp:attachment":[{"href":"https:\/\/linoexpress.com\/cz\/wp-json\/wp\/v2\/media?parent=13377"}],"wp:term":[{"taxonomy":"product_brand","embeddable":true,"href":"https:\/\/linoexpress.com\/cz\/wp-json\/wp\/v2\/product_brand?post=13377"},{"taxonomy":"product_cat","embeddable":true,"href":"https:\/\/linoexpress.com\/cz\/wp-json\/wp\/v2\/product_cat?post=13377"},{"taxonomy":"product_tag","embeddable":true,"href":"https:\/\/linoexpress.com\/cz\/wp-json\/wp\/v2\/product_tag?post=13377"}],"curies":[{"name":"wp","href":"https:\/\/api.w.org\/{rel}","templated":true}]}}