{"id":14619,"date":"2023-08-11T16:06:37","date_gmt":"2023-08-11T14:06:37","guid":{"rendered":"https:\/\/linoexpress.com\/cz\/?post_type=product&#038;p=14619"},"modified":"2024-03-11T08:24:18","modified_gmt":"2024-03-11T07:24:18","slug":"multifunkcni-cvicebni-zarizeni-2","status":"publish","type":"product","link":"https:\/\/linoexpress.com\/cz\/produkt\/multifunkcni-cvicebni-zarizeni-2\/","title":{"rendered":"Multifunk\u010dn\u00ed cvi\u010debn\u00ed za\u0159\u00edzen\u00ed"},"content":{"rendered":"","protected":false},"excerpt":{"rendered":"<p>Ide\u00e1ln\u00ed p\u0159\u00edstroj pro posilov\u00e1n\u00ed a zatnut\u00ed v\u0161ech sval\u016f! Zpevn\u011bte z\u00e1da, ramena, pa\u017ee, hrudn\u00edk, tricepsy a b\u0159icho, v\u010detn\u011b flexor\u016f ky\u010dle. Dosta\u0148te se do \u0161pi\u010dkov\u00e9 formy s jedn\u00edm za\u0159\u00edzen\u00edm!<\/p>\n","protected":false},"featured_media":14630,"comment_status":"closed","ping_status":"closed","template":"","meta":{"inline_featured_image":false},"product_brand":[],"product_cat":[28,15,26],"product_tag":[],"class_list":{"0":"post-14619","1":"product","2":"type-product","3":"status-publish","4":"has-post-thumbnail","6":"product_cat-beauty","7":"product_cat-uncategorized","8":"product_cat-health","10":"first","11":"instock","12":"sale","13":"taxable","14":"shipping-taxable","15":"purchasable","16":"product-type-simple"},"acf":[],"_links":{"self":[{"href":"https:\/\/linoexpress.com\/cz\/wp-json\/wp\/v2\/product\/14619","targetHints":{"allow":["GET"]}}],"collection":[{"href":"https:\/\/linoexpress.com\/cz\/wp-json\/wp\/v2\/product"}],"about":[{"href":"https:\/\/linoexpress.com\/cz\/wp-json\/wp\/v2\/types\/product"}],"replies":[{"embeddable":true,"href":"https:\/\/linoexpress.com\/cz\/wp-json\/wp\/v2\/comments?post=14619"}],"wp:featuredmedia":[{"embeddable":true,"href":"https:\/\/linoexpress.com\/cz\/wp-json\/wp\/v2\/media\/14630"}],"wp:attachment":[{"href":"https:\/\/linoexpress.com\/cz\/wp-json\/wp\/v2\/media?parent=14619"}],"wp:term":[{"taxonomy":"product_brand","embeddable":true,"href":"https:\/\/linoexpress.com\/cz\/wp-json\/wp\/v2\/product_brand?post=14619"},{"taxonomy":"product_cat","embeddable":true,"href":"https:\/\/linoexpress.com\/cz\/wp-json\/wp\/v2\/product_cat?post=14619"},{"taxonomy":"product_tag","embeddable":true,"href":"https:\/\/linoexpress.com\/cz\/wp-json\/wp\/v2\/product_tag?post=14619"}],"curies":[{"name":"wp","href":"https:\/\/api.w.org\/{rel}","templated":true}]}}