{"id":14752,"date":"2023-08-14T10:59:43","date_gmt":"2023-08-14T08:59:43","guid":{"rendered":"https:\/\/linoexpress.com\/cz\/?post_type=product&#038;p=14752"},"modified":"2023-09-15T13:05:27","modified_gmt":"2023-09-15T11:05:27","slug":"ramy-pro-detska-dila-2","status":"publish","type":"product","link":"https:\/\/linoexpress.com\/cz\/produkt\/ramy-pro-detska-dila-2\/","title":{"rendered":"R\u00e1my pro d\u011btsk\u00e1 d\u00edla"},"content":{"rendered":"","protected":false},"excerpt":{"rendered":"<p>Ulo\u017ete d\u00edla sv\u00fdch d\u011bt\u00ed, diplomy nebo fotografie a hrd\u011b je vystavte na st\u011bnu \u010di n\u00e1bytek. Mal\u00ed um\u011blci budou pot\u011b\u0161eni!<\/p>\n","protected":false},"featured_media":14757,"comment_status":"closed","ping_status":"closed","template":"","meta":{"inline_featured_image":false},"product_brand":[],"product_cat":[15,35],"product_tag":[],"class_list":{"0":"post-14752","1":"product","2":"type-product","3":"status-publish","4":"has-post-thumbnail","6":"product_cat-uncategorized","7":"product_cat-fun","9":"first","10":"instock","11":"sale","12":"taxable","13":"shipping-taxable","14":"purchasable","15":"product-type-simple"},"acf":[],"_links":{"self":[{"href":"https:\/\/linoexpress.com\/cz\/wp-json\/wp\/v2\/product\/14752","targetHints":{"allow":["GET"]}}],"collection":[{"href":"https:\/\/linoexpress.com\/cz\/wp-json\/wp\/v2\/product"}],"about":[{"href":"https:\/\/linoexpress.com\/cz\/wp-json\/wp\/v2\/types\/product"}],"replies":[{"embeddable":true,"href":"https:\/\/linoexpress.com\/cz\/wp-json\/wp\/v2\/comments?post=14752"}],"wp:featuredmedia":[{"embeddable":true,"href":"https:\/\/linoexpress.com\/cz\/wp-json\/wp\/v2\/media\/14757"}],"wp:attachment":[{"href":"https:\/\/linoexpress.com\/cz\/wp-json\/wp\/v2\/media?parent=14752"}],"wp:term":[{"taxonomy":"product_brand","embeddable":true,"href":"https:\/\/linoexpress.com\/cz\/wp-json\/wp\/v2\/product_brand?post=14752"},{"taxonomy":"product_cat","embeddable":true,"href":"https:\/\/linoexpress.com\/cz\/wp-json\/wp\/v2\/product_cat?post=14752"},{"taxonomy":"product_tag","embeddable":true,"href":"https:\/\/linoexpress.com\/cz\/wp-json\/wp\/v2\/product_tag?post=14752"}],"curies":[{"name":"wp","href":"https:\/\/api.w.org\/{rel}","templated":true}]}}