{"id":18163,"date":"2023-12-05T08:32:47","date_gmt":"2023-12-05T07:32:47","guid":{"rendered":"https:\/\/linoexpress.com\/cz\/?post_type=product&#038;p=18163"},"modified":"2023-12-05T11:18:45","modified_gmt":"2023-12-05T10:18:45","slug":"11-zdarma-ramy-pro-detska-dila","status":"publish","type":"product","link":"https:\/\/linoexpress.com\/cz\/produkt\/11-zdarma-ramy-pro-detska-dila\/","title":{"rendered":"1+1 ZDARMA-R\u00e1my pro d\u011btsk\u00e1 d\u00edla"},"content":{"rendered":"","protected":false},"excerpt":{"rendered":"<p>Ulo\u017ete d\u00edla sv\u00fdch d\u011bt\u00ed, diplomy nebo fotografie a hrd\u011b je vystavte na st\u011bnu \u010di n\u00e1bytek. Mal\u00ed um\u011blci budou pot\u011b\u0161eni!<\/p>\n","protected":false},"featured_media":14757,"comment_status":"closed","ping_status":"closed","template":"","meta":{"inline_featured_image":false},"product_brand":[],"product_cat":[15,35],"product_tag":[],"class_list":{"0":"post-18163","1":"product","2":"type-product","3":"status-publish","4":"has-post-thumbnail","6":"product_cat-uncategorized","7":"product_cat-fun","9":"first","10":"instock","11":"sale","12":"taxable","13":"shipping-taxable","14":"purchasable","15":"product-type-simple"},"acf":[],"_links":{"self":[{"href":"https:\/\/linoexpress.com\/cz\/wp-json\/wp\/v2\/product\/18163","targetHints":{"allow":["GET"]}}],"collection":[{"href":"https:\/\/linoexpress.com\/cz\/wp-json\/wp\/v2\/product"}],"about":[{"href":"https:\/\/linoexpress.com\/cz\/wp-json\/wp\/v2\/types\/product"}],"replies":[{"embeddable":true,"href":"https:\/\/linoexpress.com\/cz\/wp-json\/wp\/v2\/comments?post=18163"}],"wp:featuredmedia":[{"embeddable":true,"href":"https:\/\/linoexpress.com\/cz\/wp-json\/wp\/v2\/media\/14757"}],"wp:attachment":[{"href":"https:\/\/linoexpress.com\/cz\/wp-json\/wp\/v2\/media?parent=18163"}],"wp:term":[{"taxonomy":"product_brand","embeddable":true,"href":"https:\/\/linoexpress.com\/cz\/wp-json\/wp\/v2\/product_brand?post=18163"},{"taxonomy":"product_cat","embeddable":true,"href":"https:\/\/linoexpress.com\/cz\/wp-json\/wp\/v2\/product_cat?post=18163"},{"taxonomy":"product_tag","embeddable":true,"href":"https:\/\/linoexpress.com\/cz\/wp-json\/wp\/v2\/product_tag?post=18163"}],"curies":[{"name":"wp","href":"https:\/\/api.w.org\/{rel}","templated":true}]}}