{"id":1858,"date":"2021-03-29T08:43:22","date_gmt":"2021-03-29T06:43:22","guid":{"rendered":"https:\/\/shopium.eu\/cz\/?post_type=product&#038;p=1858"},"modified":"2021-10-06T14:23:55","modified_gmt":"2021-10-06T12:23:55","slug":"magnet-fishag","status":"publish","type":"product","link":"https:\/\/linoexpress.com\/cz\/produkt\/magnet-fishag\/","title":{"rendered":"Magnet &#8211; Fishag"},"content":{"rendered":"","protected":false},"excerpt":{"rendered":"<p>Lehk\u00fd a kompaktn\u00ed, vyroben z nejkvalitn\u011bj\u0161\u00edch kov\u016f, \u010din\u00ed tento magnet revolu\u010dn\u00edm produktem a je nejlep\u0161\u00ed pro hled\u00e1n\u00ed ztracen\u00fdch kovov\u00fdch p\u0159edm\u011bt\u016f.<\/p>\n","protected":false},"featured_media":1862,"comment_status":"closed","ping_status":"closed","template":"","meta":{"inline_featured_image":false},"product_brand":[],"product_cat":[27,15,35],"product_tag":[],"class_list":{"0":"post-1858","1":"product","2":"type-product","3":"status-publish","4":"has-post-thumbnail","6":"product_cat-home","7":"product_cat-uncategorized","8":"product_cat-fun","10":"first","11":"instock","12":"sale","13":"taxable","14":"shipping-taxable","15":"purchasable","16":"product-type-simple"},"acf":[],"_links":{"self":[{"href":"https:\/\/linoexpress.com\/cz\/wp-json\/wp\/v2\/product\/1858","targetHints":{"allow":["GET"]}}],"collection":[{"href":"https:\/\/linoexpress.com\/cz\/wp-json\/wp\/v2\/product"}],"about":[{"href":"https:\/\/linoexpress.com\/cz\/wp-json\/wp\/v2\/types\/product"}],"replies":[{"embeddable":true,"href":"https:\/\/linoexpress.com\/cz\/wp-json\/wp\/v2\/comments?post=1858"}],"wp:featuredmedia":[{"embeddable":true,"href":"https:\/\/linoexpress.com\/cz\/wp-json\/wp\/v2\/media\/1862"}],"wp:attachment":[{"href":"https:\/\/linoexpress.com\/cz\/wp-json\/wp\/v2\/media?parent=1858"}],"wp:term":[{"taxonomy":"product_brand","embeddable":true,"href":"https:\/\/linoexpress.com\/cz\/wp-json\/wp\/v2\/product_brand?post=1858"},{"taxonomy":"product_cat","embeddable":true,"href":"https:\/\/linoexpress.com\/cz\/wp-json\/wp\/v2\/product_cat?post=1858"},{"taxonomy":"product_tag","embeddable":true,"href":"https:\/\/linoexpress.com\/cz\/wp-json\/wp\/v2\/product_tag?post=1858"}],"curies":[{"name":"wp","href":"https:\/\/api.w.org\/{rel}","templated":true}]}}