{"id":19006,"date":"2024-01-23T08:59:01","date_gmt":"2024-01-23T07:59:01","guid":{"rendered":"https:\/\/linoexpress.com\/cz\/?post_type=product&#038;p=19006"},"modified":"2024-01-23T09:28:23","modified_gmt":"2024-01-23T08:28:23","slug":"11-zdarma-montessori-magneticka-hra-na-trideni-cisel-a-barev","status":"publish","type":"product","link":"https:\/\/linoexpress.com\/cz\/produkt\/11-zdarma-montessori-magneticka-hra-na-trideni-cisel-a-barev\/","title":{"rendered":"1+1 ZDARMA Montessori magnetick\u00e1 hra na t\u0159\u00edd\u011bn\u00ed \u010d\u00edsel a barev"},"content":{"rendered":"","protected":false},"excerpt":{"rendered":"<p>Labyrintov\u00e1 hra\u010dka s magnety, fenomen\u00e1ln\u00ed pro rozvoj motoriky, u\u010den\u00ed barev, \u010d\u00edsel a procvi\u010dov\u00e1n\u00ed p\u0159esnosti a trp\u011blivosti!<\/p>\n","protected":false},"featured_media":14085,"comment_status":"closed","ping_status":"closed","template":"","meta":{"inline_featured_image":false},"product_brand":[],"product_cat":[15,35],"product_tag":[],"class_list":{"0":"post-19006","1":"product","2":"type-product","3":"status-publish","4":"has-post-thumbnail","6":"product_cat-uncategorized","7":"product_cat-fun","9":"first","10":"instock","11":"sale","12":"taxable","13":"shipping-taxable","14":"purchasable","15":"product-type-simple"},"acf":[],"_links":{"self":[{"href":"https:\/\/linoexpress.com\/cz\/wp-json\/wp\/v2\/product\/19006","targetHints":{"allow":["GET"]}}],"collection":[{"href":"https:\/\/linoexpress.com\/cz\/wp-json\/wp\/v2\/product"}],"about":[{"href":"https:\/\/linoexpress.com\/cz\/wp-json\/wp\/v2\/types\/product"}],"replies":[{"embeddable":true,"href":"https:\/\/linoexpress.com\/cz\/wp-json\/wp\/v2\/comments?post=19006"}],"wp:featuredmedia":[{"embeddable":true,"href":"https:\/\/linoexpress.com\/cz\/wp-json\/wp\/v2\/media\/14085"}],"wp:attachment":[{"href":"https:\/\/linoexpress.com\/cz\/wp-json\/wp\/v2\/media?parent=19006"}],"wp:term":[{"taxonomy":"product_brand","embeddable":true,"href":"https:\/\/linoexpress.com\/cz\/wp-json\/wp\/v2\/product_brand?post=19006"},{"taxonomy":"product_cat","embeddable":true,"href":"https:\/\/linoexpress.com\/cz\/wp-json\/wp\/v2\/product_cat?post=19006"},{"taxonomy":"product_tag","embeddable":true,"href":"https:\/\/linoexpress.com\/cz\/wp-json\/wp\/v2\/product_tag?post=19006"}],"curies":[{"name":"wp","href":"https:\/\/api.w.org\/{rel}","templated":true}]}}