{"id":19077,"date":"2024-03-11T09:19:43","date_gmt":"2024-03-11T08:19:43","guid":{"rendered":"https:\/\/linoexpress.com\/cz\/?post_type=product&#038;p=19077"},"modified":"2024-06-06T15:08:13","modified_gmt":"2024-06-06T13:08:13","slug":"nastavitelna-pila-na-vetve","status":"publish","type":"product","link":"https:\/\/linoexpress.com\/cz\/produkt\/nastavitelna-pila-na-vetve\/","title":{"rendered":"Nastaviteln\u00e1 pila na v\u011btve"},"content":{"rendered":"","protected":false},"excerpt":{"rendered":"<p>Tuto praktickou pilu lze slo\u017eit nebo prodlou\u017eit v z\u00e1vislosti na pot\u0159eb\u011b \u0159ez\u00e1n\u00ed. P\u0159izp\u016fsobte jej konkr\u00e9tn\u00ed pr\u00e1ci, kterou d\u011bl\u00e1te, a dos\u00e1hn\u011bte optim\u00e1ln\u00edch pracovn\u00edch v\u00fdsledk\u016f.<\/p>\n","protected":false},"featured_media":19085,"comment_status":"closed","ping_status":"closed","template":"","meta":{"inline_featured_image":false},"product_brand":[],"product_cat":[27,15],"product_tag":[],"class_list":{"0":"post-19077","1":"product","2":"type-product","3":"status-publish","4":"has-post-thumbnail","6":"product_cat-home","7":"product_cat-uncategorized","9":"first","10":"instock","11":"sale","12":"taxable","13":"shipping-taxable","14":"purchasable","15":"product-type-simple"},"acf":[],"_links":{"self":[{"href":"https:\/\/linoexpress.com\/cz\/wp-json\/wp\/v2\/product\/19077","targetHints":{"allow":["GET"]}}],"collection":[{"href":"https:\/\/linoexpress.com\/cz\/wp-json\/wp\/v2\/product"}],"about":[{"href":"https:\/\/linoexpress.com\/cz\/wp-json\/wp\/v2\/types\/product"}],"replies":[{"embeddable":true,"href":"https:\/\/linoexpress.com\/cz\/wp-json\/wp\/v2\/comments?post=19077"}],"wp:featuredmedia":[{"embeddable":true,"href":"https:\/\/linoexpress.com\/cz\/wp-json\/wp\/v2\/media\/19085"}],"wp:attachment":[{"href":"https:\/\/linoexpress.com\/cz\/wp-json\/wp\/v2\/media?parent=19077"}],"wp:term":[{"taxonomy":"product_brand","embeddable":true,"href":"https:\/\/linoexpress.com\/cz\/wp-json\/wp\/v2\/product_brand?post=19077"},{"taxonomy":"product_cat","embeddable":true,"href":"https:\/\/linoexpress.com\/cz\/wp-json\/wp\/v2\/product_cat?post=19077"},{"taxonomy":"product_tag","embeddable":true,"href":"https:\/\/linoexpress.com\/cz\/wp-json\/wp\/v2\/product_tag?post=19077"}],"curies":[{"name":"wp","href":"https:\/\/api.w.org\/{rel}","templated":true}]}}