{"id":19092,"date":"2024-03-11T13:00:08","date_gmt":"2024-03-11T12:00:08","guid":{"rendered":"https:\/\/linoexpress.com\/cz\/?post_type=product&#038;p=19092"},"modified":"2024-06-11T10:51:43","modified_gmt":"2024-06-11T08:51:43","slug":"magneticka-knizka-na-oblekani-panenek","status":"publish","type":"product","link":"https:\/\/linoexpress.com\/cz\/produkt\/magneticka-knizka-na-oblekani-panenek\/","title":{"rendered":"Magnetick\u00e1 kn\u00ed\u017eka na obl\u00e9k\u00e1n\u00ed panenek"},"content":{"rendered":"","protected":false},"excerpt":{"rendered":"<p>Ide\u00e1ln\u00ed d\u00e1rek pro hol\u010di\u010dky! Skl\u00e1d\u00e1n\u00ed oble\u010den\u00ed a m\u00f3dn\u00edch kombinac\u00ed nebylo nikdy jednodu\u0161\u0161\u00ed a z\u00e1bavn\u011bj\u0161\u00ed!<\/p>\n","protected":false},"featured_media":19102,"comment_status":"closed","ping_status":"closed","template":"","meta":{"inline_featured_image":false},"product_brand":[],"product_cat":[15,35],"product_tag":[],"class_list":{"0":"post-19092","1":"product","2":"type-product","3":"status-publish","4":"has-post-thumbnail","6":"product_cat-uncategorized","7":"product_cat-fun","9":"first","10":"instock","11":"sale","12":"taxable","13":"shipping-taxable","14":"purchasable","15":"product-type-variable"},"acf":[],"_links":{"self":[{"href":"https:\/\/linoexpress.com\/cz\/wp-json\/wp\/v2\/product\/19092","targetHints":{"allow":["GET"]}}],"collection":[{"href":"https:\/\/linoexpress.com\/cz\/wp-json\/wp\/v2\/product"}],"about":[{"href":"https:\/\/linoexpress.com\/cz\/wp-json\/wp\/v2\/types\/product"}],"replies":[{"embeddable":true,"href":"https:\/\/linoexpress.com\/cz\/wp-json\/wp\/v2\/comments?post=19092"}],"wp:featuredmedia":[{"embeddable":true,"href":"https:\/\/linoexpress.com\/cz\/wp-json\/wp\/v2\/media\/19102"}],"wp:attachment":[{"href":"https:\/\/linoexpress.com\/cz\/wp-json\/wp\/v2\/media?parent=19092"}],"wp:term":[{"taxonomy":"product_brand","embeddable":true,"href":"https:\/\/linoexpress.com\/cz\/wp-json\/wp\/v2\/product_brand?post=19092"},{"taxonomy":"product_cat","embeddable":true,"href":"https:\/\/linoexpress.com\/cz\/wp-json\/wp\/v2\/product_cat?post=19092"},{"taxonomy":"product_tag","embeddable":true,"href":"https:\/\/linoexpress.com\/cz\/wp-json\/wp\/v2\/product_tag?post=19092"}],"curies":[{"name":"wp","href":"https:\/\/api.w.org\/{rel}","templated":true}]}}