{"id":19512,"date":"2024-05-28T11:45:53","date_gmt":"2024-05-28T09:45:53","guid":{"rendered":"https:\/\/linoexpress.com\/cz\/?post_type=product&#038;p=19512"},"modified":"2024-11-19T16:30:27","modified_gmt":"2024-11-19T15:30:27","slug":"montessori-magneticka-hra-pro-vyuku-matematiky","status":"publish","type":"product","link":"https:\/\/linoexpress.com\/cz\/produkt\/montessori-magneticka-hra-pro-vyuku-matematiky\/","title":{"rendered":"Montessori magnetick\u00e1 hra pro v\u00fduku matematiky"},"content":{"rendered":"","protected":false},"excerpt":{"rendered":"<p>Inovativn\u00ed p\u0159\u00edstup k v\u00fduce matematick\u00fdch operac\u00ed. U\u010dte d\u011bti matematiku hrou a vizu\u00e1ln\u00edmi reprezentacemi!<\/p>\n<p>&nbsp;<\/p>\n<p>&nbsp;<\/p>\n","protected":false},"featured_media":19514,"comment_status":"closed","ping_status":"closed","template":"","meta":{"inline_featured_image":false},"product_brand":[],"product_cat":[15,35],"product_tag":[],"class_list":{"0":"post-19512","1":"product","2":"type-product","3":"status-publish","4":"has-post-thumbnail","6":"product_cat-uncategorized","7":"product_cat-fun","9":"first","10":"instock","11":"sale","12":"taxable","13":"shipping-taxable","14":"purchasable","15":"product-type-simple"},"acf":[],"_links":{"self":[{"href":"https:\/\/linoexpress.com\/cz\/wp-json\/wp\/v2\/product\/19512","targetHints":{"allow":["GET"]}}],"collection":[{"href":"https:\/\/linoexpress.com\/cz\/wp-json\/wp\/v2\/product"}],"about":[{"href":"https:\/\/linoexpress.com\/cz\/wp-json\/wp\/v2\/types\/product"}],"replies":[{"embeddable":true,"href":"https:\/\/linoexpress.com\/cz\/wp-json\/wp\/v2\/comments?post=19512"}],"wp:featuredmedia":[{"embeddable":true,"href":"https:\/\/linoexpress.com\/cz\/wp-json\/wp\/v2\/media\/19514"}],"wp:attachment":[{"href":"https:\/\/linoexpress.com\/cz\/wp-json\/wp\/v2\/media?parent=19512"}],"wp:term":[{"taxonomy":"product_brand","embeddable":true,"href":"https:\/\/linoexpress.com\/cz\/wp-json\/wp\/v2\/product_brand?post=19512"},{"taxonomy":"product_cat","embeddable":true,"href":"https:\/\/linoexpress.com\/cz\/wp-json\/wp\/v2\/product_cat?post=19512"},{"taxonomy":"product_tag","embeddable":true,"href":"https:\/\/linoexpress.com\/cz\/wp-json\/wp\/v2\/product_tag?post=19512"}],"curies":[{"name":"wp","href":"https:\/\/api.w.org\/{rel}","templated":true}]}}