{"id":19717,"date":"2024-06-04T13:43:25","date_gmt":"2024-06-04T11:43:25","guid":{"rendered":"https:\/\/linoexpress.com\/cz\/?post_type=product&#038;p=19717"},"modified":"2024-06-04T13:46:00","modified_gmt":"2024-06-04T11:46:00","slug":"plastove-zavity-na-trubky-6-ks","status":"publish","type":"product","link":"https:\/\/linoexpress.com\/cz\/produkt\/plastove-zavity-na-trubky-6-ks\/","title":{"rendered":"Plastov\u00e9 z\u00e1vity na trubky &#8211; 6 ks"},"content":{"rendered":"","protected":false},"excerpt":{"rendered":"<p>Vynikaj\u00edc\u00ed sada z\u00e1vit\u016f pro rychlou a efektivn\u00ed pr\u00e1ci. V\u0161e, co pot\u0159ebujete pro kvalitn\u00ed opravu r\u016fzn\u00fdch typ\u016f potrub\u00ed!<\/p>\n<p>&nbsp;<\/p>\n<p>&nbsp;<\/p>\n","protected":false},"featured_media":19720,"comment_status":"closed","ping_status":"closed","template":"","meta":{"inline_featured_image":false},"product_brand":[],"product_cat":[27,15],"product_tag":[],"class_list":{"0":"post-19717","1":"product","2":"type-product","3":"status-publish","4":"has-post-thumbnail","6":"product_cat-home","7":"product_cat-uncategorized","9":"first","10":"instock","11":"sale","12":"taxable","13":"shipping-taxable","14":"purchasable","15":"product-type-simple"},"acf":[],"_links":{"self":[{"href":"https:\/\/linoexpress.com\/cz\/wp-json\/wp\/v2\/product\/19717","targetHints":{"allow":["GET"]}}],"collection":[{"href":"https:\/\/linoexpress.com\/cz\/wp-json\/wp\/v2\/product"}],"about":[{"href":"https:\/\/linoexpress.com\/cz\/wp-json\/wp\/v2\/types\/product"}],"replies":[{"embeddable":true,"href":"https:\/\/linoexpress.com\/cz\/wp-json\/wp\/v2\/comments?post=19717"}],"wp:featuredmedia":[{"embeddable":true,"href":"https:\/\/linoexpress.com\/cz\/wp-json\/wp\/v2\/media\/19720"}],"wp:attachment":[{"href":"https:\/\/linoexpress.com\/cz\/wp-json\/wp\/v2\/media?parent=19717"}],"wp:term":[{"taxonomy":"product_brand","embeddable":true,"href":"https:\/\/linoexpress.com\/cz\/wp-json\/wp\/v2\/product_brand?post=19717"},{"taxonomy":"product_cat","embeddable":true,"href":"https:\/\/linoexpress.com\/cz\/wp-json\/wp\/v2\/product_cat?post=19717"},{"taxonomy":"product_tag","embeddable":true,"href":"https:\/\/linoexpress.com\/cz\/wp-json\/wp\/v2\/product_tag?post=19717"}],"curies":[{"name":"wp","href":"https:\/\/api.w.org\/{rel}","templated":true}]}}