{"id":19969,"date":"2024-08-17T08:28:47","date_gmt":"2024-08-17T06:28:47","guid":{"rendered":"https:\/\/linoexpress.com\/cz\/?post_type=product&#038;p=19969"},"modified":"2025-01-20T11:45:01","modified_gmt":"2025-01-20T10:45:01","slug":"mop-2v1-na-uklid","status":"publish","type":"product","link":"https:\/\/linoexpress.com\/cz\/produkt\/mop-2v1-na-uklid\/","title":{"rendered":"Mop 2v1 na \u00faklid"},"content":{"rendered":"","protected":false},"excerpt":{"rendered":"<p>Tento vysoce kvalitn\u00ed mop \u010dist\u00ed velmi efektivn\u011b a rychle. Ide\u00e1ln\u00ed pro such\u00e9 i mokr\u00e9 \u010di\u0161t\u011bn\u00ed!<\/p>\n","protected":false},"featured_media":19971,"comment_status":"closed","ping_status":"closed","template":"","meta":{"inline_featured_image":false},"product_brand":[],"product_cat":[27,15],"product_tag":[],"class_list":{"0":"post-19969","1":"product","2":"type-product","3":"status-publish","4":"has-post-thumbnail","6":"product_cat-home","7":"product_cat-uncategorized","9":"first","10":"instock","11":"sale","12":"taxable","13":"shipping-taxable","14":"purchasable","15":"product-type-simple"},"acf":[],"_links":{"self":[{"href":"https:\/\/linoexpress.com\/cz\/wp-json\/wp\/v2\/product\/19969","targetHints":{"allow":["GET"]}}],"collection":[{"href":"https:\/\/linoexpress.com\/cz\/wp-json\/wp\/v2\/product"}],"about":[{"href":"https:\/\/linoexpress.com\/cz\/wp-json\/wp\/v2\/types\/product"}],"replies":[{"embeddable":true,"href":"https:\/\/linoexpress.com\/cz\/wp-json\/wp\/v2\/comments?post=19969"}],"wp:featuredmedia":[{"embeddable":true,"href":"https:\/\/linoexpress.com\/cz\/wp-json\/wp\/v2\/media\/19971"}],"wp:attachment":[{"href":"https:\/\/linoexpress.com\/cz\/wp-json\/wp\/v2\/media?parent=19969"}],"wp:term":[{"taxonomy":"product_brand","embeddable":true,"href":"https:\/\/linoexpress.com\/cz\/wp-json\/wp\/v2\/product_brand?post=19969"},{"taxonomy":"product_cat","embeddable":true,"href":"https:\/\/linoexpress.com\/cz\/wp-json\/wp\/v2\/product_cat?post=19969"},{"taxonomy":"product_tag","embeddable":true,"href":"https:\/\/linoexpress.com\/cz\/wp-json\/wp\/v2\/product_tag?post=19969"}],"curies":[{"name":"wp","href":"https:\/\/api.w.org\/{rel}","templated":true}]}}