{"id":20121,"date":"2024-09-10T08:36:20","date_gmt":"2024-09-10T06:36:20","guid":{"rendered":"https:\/\/linoexpress.com\/cz\/?post_type=product&#038;p=20121"},"modified":"2025-07-24T14:23:43","modified_gmt":"2025-07-24T12:23:43","slug":"vykonny-deaktivator-magnetizeru","status":"publish","type":"product","link":"https:\/\/linoexpress.com\/cz\/produkt\/vykonny-deaktivator-magnetizeru\/","title":{"rendered":"V\u00fdkonn\u00fd deaktiv\u00e1tor magnetiz\u00e9ru"},"content":{"rendered":"","protected":false},"excerpt":{"rendered":"<p>Nejen, \u017ee odstra\u0148uje skvrny z oble\u010den\u00ed, tento deaktiv\u00e1tor v\u00e1m \u0161et\u0159\u00ed \u010das a pen\u00edze!<\/p>\n","protected":false},"featured_media":20123,"comment_status":"closed","ping_status":"closed","template":"","meta":{"inline_featured_image":false},"product_brand":[],"product_cat":[27,15],"product_tag":[],"class_list":{"0":"post-20121","1":"product","2":"type-product","3":"status-publish","4":"has-post-thumbnail","6":"product_cat-home","7":"product_cat-uncategorized","9":"first","10":"instock","11":"sale","12":"taxable","13":"shipping-taxable","14":"purchasable","15":"product-type-simple"},"acf":[],"_links":{"self":[{"href":"https:\/\/linoexpress.com\/cz\/wp-json\/wp\/v2\/product\/20121","targetHints":{"allow":["GET"]}}],"collection":[{"href":"https:\/\/linoexpress.com\/cz\/wp-json\/wp\/v2\/product"}],"about":[{"href":"https:\/\/linoexpress.com\/cz\/wp-json\/wp\/v2\/types\/product"}],"replies":[{"embeddable":true,"href":"https:\/\/linoexpress.com\/cz\/wp-json\/wp\/v2\/comments?post=20121"}],"wp:featuredmedia":[{"embeddable":true,"href":"https:\/\/linoexpress.com\/cz\/wp-json\/wp\/v2\/media\/20123"}],"wp:attachment":[{"href":"https:\/\/linoexpress.com\/cz\/wp-json\/wp\/v2\/media?parent=20121"}],"wp:term":[{"taxonomy":"product_brand","embeddable":true,"href":"https:\/\/linoexpress.com\/cz\/wp-json\/wp\/v2\/product_brand?post=20121"},{"taxonomy":"product_cat","embeddable":true,"href":"https:\/\/linoexpress.com\/cz\/wp-json\/wp\/v2\/product_cat?post=20121"},{"taxonomy":"product_tag","embeddable":true,"href":"https:\/\/linoexpress.com\/cz\/wp-json\/wp\/v2\/product_tag?post=20121"}],"curies":[{"name":"wp","href":"https:\/\/api.w.org\/{rel}","templated":true}]}}