{"id":20395,"date":"2024-10-28T08:20:15","date_gmt":"2024-10-28T07:20:15","guid":{"rendered":"https:\/\/linoexpress.com\/cz\/?post_type=product&#038;p=20395"},"modified":"2024-11-04T09:18:04","modified_gmt":"2024-11-04T08:18:04","slug":"sada-pro-vyuku-hackovani-a-pleteni","status":"publish","type":"product","link":"https:\/\/linoexpress.com\/cz\/produkt\/sada-pro-vyuku-hackovani-a-pleteni\/","title":{"rendered":"Sada pro v\u00fduku h\u00e1\u010dkov\u00e1n\u00ed a pleten\u00ed"},"content":{"rendered":"","protected":false},"excerpt":{"rendered":"<p>Modernizovan\u00fd zp\u016fsob pleten\u00ed pot\u011b\u0161\u00ed v\u0161echny milovn\u00edky tohoto kon\u00ed\u010dku i ty, kte\u0159\u00ed se j\u00edm cht\u011bj\u00ed jen st\u00e1t!<\/p>\n<p>&nbsp;<\/p>\n<p>&nbsp;<\/p>\n","protected":false},"featured_media":20396,"comment_status":"closed","ping_status":"closed","template":"","meta":{"inline_featured_image":false},"product_brand":[],"product_cat":[15,35],"product_tag":[],"class_list":{"0":"post-20395","1":"product","2":"type-product","3":"status-publish","4":"has-post-thumbnail","6":"product_cat-uncategorized","7":"product_cat-fun","9":"first","10":"instock","11":"sale","12":"taxable","13":"shipping-taxable","14":"purchasable","15":"product-type-simple"},"acf":[],"_links":{"self":[{"href":"https:\/\/linoexpress.com\/cz\/wp-json\/wp\/v2\/product\/20395","targetHints":{"allow":["GET"]}}],"collection":[{"href":"https:\/\/linoexpress.com\/cz\/wp-json\/wp\/v2\/product"}],"about":[{"href":"https:\/\/linoexpress.com\/cz\/wp-json\/wp\/v2\/types\/product"}],"replies":[{"embeddable":true,"href":"https:\/\/linoexpress.com\/cz\/wp-json\/wp\/v2\/comments?post=20395"}],"wp:featuredmedia":[{"embeddable":true,"href":"https:\/\/linoexpress.com\/cz\/wp-json\/wp\/v2\/media\/20396"}],"wp:attachment":[{"href":"https:\/\/linoexpress.com\/cz\/wp-json\/wp\/v2\/media?parent=20395"}],"wp:term":[{"taxonomy":"product_brand","embeddable":true,"href":"https:\/\/linoexpress.com\/cz\/wp-json\/wp\/v2\/product_brand?post=20395"},{"taxonomy":"product_cat","embeddable":true,"href":"https:\/\/linoexpress.com\/cz\/wp-json\/wp\/v2\/product_cat?post=20395"},{"taxonomy":"product_tag","embeddable":true,"href":"https:\/\/linoexpress.com\/cz\/wp-json\/wp\/v2\/product_tag?post=20395"}],"curies":[{"name":"wp","href":"https:\/\/api.w.org\/{rel}","templated":true}]}}