{"id":20401,"date":"2024-10-28T09:49:46","date_gmt":"2024-10-28T08:49:46","guid":{"rendered":"https:\/\/linoexpress.com\/cz\/?post_type=product&#038;p=20401"},"modified":"2024-12-02T11:18:01","modified_gmt":"2024-12-02T10:18:01","slug":"vanocni-kalendar-s-darky","status":"publish","type":"product","link":"https:\/\/linoexpress.com\/cz\/produkt\/vanocni-kalendar-s-darky\/","title":{"rendered":"V\u00e1no\u010dn\u00ed kalend\u00e1\u0159 s d\u00e1rky"},"content":{"rendered":"","protected":false},"excerpt":{"rendered":"<p>Zpest\u0159ete si p\u0159edpr\u00e1zdninov\u00e9 dny t\u00edmto n\u00e1dhern\u00fdm adventn\u00edm kalend\u00e1\u0159em a p\u0159ekvapen\u00edmi, kter\u00e1 pro v\u00e1s chyst\u00e1!<\/p>\n<p>&nbsp;<\/p>\n<p>&nbsp;<\/p>\n","protected":false},"featured_media":20405,"comment_status":"closed","ping_status":"closed","template":"","meta":{"inline_featured_image":false},"product_brand":[],"product_cat":[27,15,35],"product_tag":[],"class_list":{"0":"post-20401","1":"product","2":"type-product","3":"status-publish","4":"has-post-thumbnail","6":"product_cat-home","7":"product_cat-uncategorized","8":"product_cat-fun","10":"first","11":"instock","12":"sale","13":"taxable","14":"shipping-taxable","15":"purchasable","16":"product-type-simple"},"acf":[],"_links":{"self":[{"href":"https:\/\/linoexpress.com\/cz\/wp-json\/wp\/v2\/product\/20401","targetHints":{"allow":["GET"]}}],"collection":[{"href":"https:\/\/linoexpress.com\/cz\/wp-json\/wp\/v2\/product"}],"about":[{"href":"https:\/\/linoexpress.com\/cz\/wp-json\/wp\/v2\/types\/product"}],"replies":[{"embeddable":true,"href":"https:\/\/linoexpress.com\/cz\/wp-json\/wp\/v2\/comments?post=20401"}],"wp:featuredmedia":[{"embeddable":true,"href":"https:\/\/linoexpress.com\/cz\/wp-json\/wp\/v2\/media\/20405"}],"wp:attachment":[{"href":"https:\/\/linoexpress.com\/cz\/wp-json\/wp\/v2\/media?parent=20401"}],"wp:term":[{"taxonomy":"product_brand","embeddable":true,"href":"https:\/\/linoexpress.com\/cz\/wp-json\/wp\/v2\/product_brand?post=20401"},{"taxonomy":"product_cat","embeddable":true,"href":"https:\/\/linoexpress.com\/cz\/wp-json\/wp\/v2\/product_cat?post=20401"},{"taxonomy":"product_tag","embeddable":true,"href":"https:\/\/linoexpress.com\/cz\/wp-json\/wp\/v2\/product_tag?post=20401"}],"curies":[{"name":"wp","href":"https:\/\/api.w.org\/{rel}","templated":true}]}}