{"id":20408,"date":"2024-10-28T10:51:31","date_gmt":"2024-10-28T09:51:31","guid":{"rendered":"https:\/\/linoexpress.com\/cz\/?post_type=product&#038;p=20408"},"modified":"2025-09-18T10:23:35","modified_gmt":"2025-09-18T08:23:35","slug":"relaxacni-mini-policky-na-knihy","status":"publish","type":"product","link":"https:\/\/linoexpress.com\/cz\/produkt\/relaxacni-mini-policky-na-knihy\/","title":{"rendered":"Relaxa\u010dn\u00ed mini poli\u010dky na knihy"},"content":{"rendered":"","protected":false},"excerpt":{"rendered":"<p>Zbavte se \u00fazkosti a nap\u011bt\u00ed s touto relaxa\u010dn\u00ed malou knihovni\u010dkou. Uspo\u0159\u00e1dejte knihy a najd\u011bte sv\u016fj klid!<\/p>\n<p>&nbsp;<\/p>\n<p>&nbsp;<\/p>\n","protected":false},"featured_media":20412,"comment_status":"closed","ping_status":"closed","template":"","meta":{"inline_featured_image":false},"product_brand":[],"product_cat":[27,15,35],"product_tag":[],"class_list":{"0":"post-20408","1":"product","2":"type-product","3":"status-publish","4":"has-post-thumbnail","6":"product_cat-home","7":"product_cat-uncategorized","8":"product_cat-fun","10":"first","11":"instock","12":"sale","13":"taxable","14":"shipping-taxable","15":"purchasable","16":"product-type-simple"},"acf":[],"_links":{"self":[{"href":"https:\/\/linoexpress.com\/cz\/wp-json\/wp\/v2\/product\/20408","targetHints":{"allow":["GET"]}}],"collection":[{"href":"https:\/\/linoexpress.com\/cz\/wp-json\/wp\/v2\/product"}],"about":[{"href":"https:\/\/linoexpress.com\/cz\/wp-json\/wp\/v2\/types\/product"}],"replies":[{"embeddable":true,"href":"https:\/\/linoexpress.com\/cz\/wp-json\/wp\/v2\/comments?post=20408"}],"wp:featuredmedia":[{"embeddable":true,"href":"https:\/\/linoexpress.com\/cz\/wp-json\/wp\/v2\/media\/20412"}],"wp:attachment":[{"href":"https:\/\/linoexpress.com\/cz\/wp-json\/wp\/v2\/media?parent=20408"}],"wp:term":[{"taxonomy":"product_brand","embeddable":true,"href":"https:\/\/linoexpress.com\/cz\/wp-json\/wp\/v2\/product_brand?post=20408"},{"taxonomy":"product_cat","embeddable":true,"href":"https:\/\/linoexpress.com\/cz\/wp-json\/wp\/v2\/product_cat?post=20408"},{"taxonomy":"product_tag","embeddable":true,"href":"https:\/\/linoexpress.com\/cz\/wp-json\/wp\/v2\/product_tag?post=20408"}],"curies":[{"name":"wp","href":"https:\/\/api.w.org\/{rel}","templated":true}]}}