{"id":20426,"date":"2024-10-30T14:56:09","date_gmt":"2024-10-30T13:56:09","guid":{"rendered":"https:\/\/linoexpress.com\/cz\/?post_type=product&#038;p=20426"},"modified":"2024-11-15T14:16:34","modified_gmt":"2024-11-15T13:16:34","slug":"vanocni-hudebni-skrinka-na-vlak","status":"publish","type":"product","link":"https:\/\/linoexpress.com\/cz\/produkt\/vanocni-hudebni-skrinka-na-vlak\/","title":{"rendered":"V\u00e1no\u010dn\u00ed hudebn\u00ed sk\u0159\u00ed\u0148ka na vlak"},"content":{"rendered":"","protected":false},"excerpt":{"rendered":"<p>Retro design vl\u00e1\u010dku s kr\u00e1sn\u00fdmi v\u00e1no\u010dn\u00edmi motivy a sv\u00e1te\u010dn\u00ed hudbou je ide\u00e1ln\u00ed ozdobou do ka\u017ed\u00e9ho prostoru!<\/p>\n<p>&nbsp;<\/p>\n<p>&nbsp;<\/p>\n","protected":false},"featured_media":20427,"comment_status":"closed","ping_status":"closed","template":"","meta":{"inline_featured_image":false},"product_brand":[],"product_cat":[15,35],"product_tag":[],"class_list":{"0":"post-20426","1":"product","2":"type-product","3":"status-publish","4":"has-post-thumbnail","6":"product_cat-uncategorized","7":"product_cat-fun","9":"first","10":"instock","11":"sale","12":"taxable","13":"shipping-taxable","14":"purchasable","15":"product-type-simple"},"acf":[],"_links":{"self":[{"href":"https:\/\/linoexpress.com\/cz\/wp-json\/wp\/v2\/product\/20426","targetHints":{"allow":["GET"]}}],"collection":[{"href":"https:\/\/linoexpress.com\/cz\/wp-json\/wp\/v2\/product"}],"about":[{"href":"https:\/\/linoexpress.com\/cz\/wp-json\/wp\/v2\/types\/product"}],"replies":[{"embeddable":true,"href":"https:\/\/linoexpress.com\/cz\/wp-json\/wp\/v2\/comments?post=20426"}],"wp:featuredmedia":[{"embeddable":true,"href":"https:\/\/linoexpress.com\/cz\/wp-json\/wp\/v2\/media\/20427"}],"wp:attachment":[{"href":"https:\/\/linoexpress.com\/cz\/wp-json\/wp\/v2\/media?parent=20426"}],"wp:term":[{"taxonomy":"product_brand","embeddable":true,"href":"https:\/\/linoexpress.com\/cz\/wp-json\/wp\/v2\/product_brand?post=20426"},{"taxonomy":"product_cat","embeddable":true,"href":"https:\/\/linoexpress.com\/cz\/wp-json\/wp\/v2\/product_cat?post=20426"},{"taxonomy":"product_tag","embeddable":true,"href":"https:\/\/linoexpress.com\/cz\/wp-json\/wp\/v2\/product_tag?post=20426"}],"curies":[{"name":"wp","href":"https:\/\/api.w.org\/{rel}","templated":true}]}}