{"id":20447,"date":"2024-10-31T13:56:56","date_gmt":"2024-10-31T12:56:56","guid":{"rendered":"https:\/\/linoexpress.com\/cz\/?post_type=product&#038;p=20447"},"modified":"2025-10-14T12:08:29","modified_gmt":"2025-10-14T10:08:29","slug":"reflexni-palkovaci-micek","status":"publish","type":"product","link":"https:\/\/linoexpress.com\/cz\/produkt\/reflexni-palkovaci-micek\/","title":{"rendered":"Reflexn\u00ed p\u00e1lkovac\u00ed m\u00ed\u010dek"},"content":{"rendered":"","protected":false},"excerpt":{"rendered":"<p>Zlep\u0161ete sv\u016fj tr\u00e9nink a posu\u0148te svou motivaci na dal\u0161\u00ed \u00farove\u0148. Nejlep\u0161\u00ed m\u00ed\u010d pro zlep\u0161en\u00ed reflex\u016f!<\/p>\n<p>&nbsp;<\/p>\n<p>&nbsp;<\/p>\n","protected":false},"featured_media":22706,"comment_status":"closed","ping_status":"closed","template":"","meta":{"inline_featured_image":false},"product_brand":[],"product_cat":[15,35,26],"product_tag":[],"class_list":{"0":"post-20447","1":"product","2":"type-product","3":"status-publish","4":"has-post-thumbnail","6":"product_cat-uncategorized","7":"product_cat-fun","8":"product_cat-health","10":"first","11":"instock","12":"sale","13":"taxable","14":"shipping-taxable","15":"purchasable","16":"product-type-simple"},"acf":[],"_links":{"self":[{"href":"https:\/\/linoexpress.com\/cz\/wp-json\/wp\/v2\/product\/20447","targetHints":{"allow":["GET"]}}],"collection":[{"href":"https:\/\/linoexpress.com\/cz\/wp-json\/wp\/v2\/product"}],"about":[{"href":"https:\/\/linoexpress.com\/cz\/wp-json\/wp\/v2\/types\/product"}],"replies":[{"embeddable":true,"href":"https:\/\/linoexpress.com\/cz\/wp-json\/wp\/v2\/comments?post=20447"}],"wp:featuredmedia":[{"embeddable":true,"href":"https:\/\/linoexpress.com\/cz\/wp-json\/wp\/v2\/media\/22706"}],"wp:attachment":[{"href":"https:\/\/linoexpress.com\/cz\/wp-json\/wp\/v2\/media?parent=20447"}],"wp:term":[{"taxonomy":"product_brand","embeddable":true,"href":"https:\/\/linoexpress.com\/cz\/wp-json\/wp\/v2\/product_brand?post=20447"},{"taxonomy":"product_cat","embeddable":true,"href":"https:\/\/linoexpress.com\/cz\/wp-json\/wp\/v2\/product_cat?post=20447"},{"taxonomy":"product_tag","embeddable":true,"href":"https:\/\/linoexpress.com\/cz\/wp-json\/wp\/v2\/product_tag?post=20447"}],"curies":[{"name":"wp","href":"https:\/\/api.w.org\/{rel}","templated":true}]}}