{"id":20528,"date":"2024-11-07T15:15:21","date_gmt":"2024-11-07T14:15:21","guid":{"rendered":"https:\/\/linoexpress.com\/cz\/?post_type=product&#038;p=20528"},"modified":"2024-11-07T15:18:21","modified_gmt":"2024-11-07T14:18:21","slug":"montessori-sada-nastroju","status":"publish","type":"product","link":"https:\/\/linoexpress.com\/cz\/produkt\/montessori-sada-nastroju\/","title":{"rendered":"Montessori sada n\u00e1stroj\u016f"},"content":{"rendered":"","protected":false},"excerpt":{"rendered":"<p>Nov\u00fd zp\u016fsob z\u00e1bavy a kvalitn\u011b str\u00e1ven\u00e9ho \u010dasu. Tato sada Montessori n\u00e1\u0159ad\u00ed je v\u0161e, co pot\u0159ebujete, aby va\u0161e d\u011bti byly \u0161\u0165astn\u00e9 a zabavily se na dlouh\u00e9 hodiny!<\/p>\n<p>&nbsp;<\/p>\n<p>&nbsp;<\/p>\n","protected":false},"featured_media":20531,"comment_status":"closed","ping_status":"closed","template":"","meta":{"inline_featured_image":false},"product_brand":[],"product_cat":[15,35],"product_tag":[],"class_list":{"0":"post-20528","1":"product","2":"type-product","3":"status-publish","4":"has-post-thumbnail","6":"product_cat-uncategorized","7":"product_cat-fun","9":"first","10":"instock","11":"sale","12":"taxable","13":"shipping-taxable","14":"purchasable","15":"product-type-simple"},"acf":[],"_links":{"self":[{"href":"https:\/\/linoexpress.com\/cz\/wp-json\/wp\/v2\/product\/20528","targetHints":{"allow":["GET"]}}],"collection":[{"href":"https:\/\/linoexpress.com\/cz\/wp-json\/wp\/v2\/product"}],"about":[{"href":"https:\/\/linoexpress.com\/cz\/wp-json\/wp\/v2\/types\/product"}],"replies":[{"embeddable":true,"href":"https:\/\/linoexpress.com\/cz\/wp-json\/wp\/v2\/comments?post=20528"}],"wp:featuredmedia":[{"embeddable":true,"href":"https:\/\/linoexpress.com\/cz\/wp-json\/wp\/v2\/media\/20531"}],"wp:attachment":[{"href":"https:\/\/linoexpress.com\/cz\/wp-json\/wp\/v2\/media?parent=20528"}],"wp:term":[{"taxonomy":"product_brand","embeddable":true,"href":"https:\/\/linoexpress.com\/cz\/wp-json\/wp\/v2\/product_brand?post=20528"},{"taxonomy":"product_cat","embeddable":true,"href":"https:\/\/linoexpress.com\/cz\/wp-json\/wp\/v2\/product_cat?post=20528"},{"taxonomy":"product_tag","embeddable":true,"href":"https:\/\/linoexpress.com\/cz\/wp-json\/wp\/v2\/product_tag?post=20528"}],"curies":[{"name":"wp","href":"https:\/\/api.w.org\/{rel}","templated":true}]}}