{"id":20535,"date":"2024-11-08T09:46:25","date_gmt":"2024-11-08T08:46:25","guid":{"rendered":"https:\/\/linoexpress.com\/cz\/?post_type=product&#038;p=20535"},"modified":"2024-11-08T09:48:21","modified_gmt":"2024-11-08T08:48:21","slug":"diy-sada-na-pleteni-provazovych-naramku","status":"publish","type":"product","link":"https:\/\/linoexpress.com\/cz\/produkt\/diy-sada-na-pleteni-provazovych-naramku\/","title":{"rendered":"DIY sada na pleten\u00ed provazov\u00fdch n\u00e1ramk\u016f"},"content":{"rendered":"","protected":false},"excerpt":{"rendered":"<p>Tato sada ru\u010dn\u00edho pleten\u00ed je kreativn\u00ed hrou pro d\u011bti, kter\u00e1 jim umo\u017e\u0148uje rozv\u00edjet jejich manu\u00e1ln\u00ed dovednosti a podporovat jejich kreativitu.<\/p>\n<p>&nbsp;<\/p>\n<p>&nbsp;<\/p>\n","protected":false},"featured_media":20539,"comment_status":"closed","ping_status":"closed","template":"","meta":{"inline_featured_image":false},"product_brand":[],"product_cat":[15,35],"product_tag":[],"class_list":{"0":"post-20535","1":"product","2":"type-product","3":"status-publish","4":"has-post-thumbnail","6":"product_cat-uncategorized","7":"product_cat-fun","9":"first","10":"instock","11":"sale","12":"taxable","13":"shipping-taxable","14":"purchasable","15":"product-type-simple"},"acf":[],"_links":{"self":[{"href":"https:\/\/linoexpress.com\/cz\/wp-json\/wp\/v2\/product\/20535","targetHints":{"allow":["GET"]}}],"collection":[{"href":"https:\/\/linoexpress.com\/cz\/wp-json\/wp\/v2\/product"}],"about":[{"href":"https:\/\/linoexpress.com\/cz\/wp-json\/wp\/v2\/types\/product"}],"replies":[{"embeddable":true,"href":"https:\/\/linoexpress.com\/cz\/wp-json\/wp\/v2\/comments?post=20535"}],"wp:featuredmedia":[{"embeddable":true,"href":"https:\/\/linoexpress.com\/cz\/wp-json\/wp\/v2\/media\/20539"}],"wp:attachment":[{"href":"https:\/\/linoexpress.com\/cz\/wp-json\/wp\/v2\/media?parent=20535"}],"wp:term":[{"taxonomy":"product_brand","embeddable":true,"href":"https:\/\/linoexpress.com\/cz\/wp-json\/wp\/v2\/product_brand?post=20535"},{"taxonomy":"product_cat","embeddable":true,"href":"https:\/\/linoexpress.com\/cz\/wp-json\/wp\/v2\/product_cat?post=20535"},{"taxonomy":"product_tag","embeddable":true,"href":"https:\/\/linoexpress.com\/cz\/wp-json\/wp\/v2\/product_tag?post=20535"}],"curies":[{"name":"wp","href":"https:\/\/api.w.org\/{rel}","templated":true}]}}