{"id":21079,"date":"2025-02-18T15:33:12","date_gmt":"2025-02-18T14:33:12","guid":{"rendered":"https:\/\/linoexpress.com\/cz\/?post_type=product&#038;p=21079"},"modified":"2025-02-18T18:31:54","modified_gmt":"2025-02-18T17:31:54","slug":"neviditelny-sprej-na-spz","status":"publish","type":"product","link":"https:\/\/linoexpress.com\/cz\/produkt\/neviditelny-sprej-na-spz\/","title":{"rendered":"Neviditeln\u00fd sprej na SPZ"},"content":{"rendered":"","protected":false},"excerpt":{"rendered":"<p>Tento japonsk\u00fd neviditeln\u00fd sprej poskytuje okam\u017eit\u00e9 v\u00fdsledky a zaji\u0161\u0165uje v\u00e1m naprost\u00e9 soukrom\u00ed p\u0159i \u0159\u00edzen\u00ed. Jednodu\u0161e nast\u0159\u00edkejte SPZ a poskytn\u011bte si maxim\u00e1ln\u00ed ochranu p\u0159ed sledovac\u00edmi syst\u00e9my. S touto inovativn\u00ed technologi\u00ed blokov\u00e1n\u00ed fotografi\u00ed je va\u0161e anonymita na prvn\u00edm m\u00edst\u011b.<\/p>\n<p>&nbsp;<\/p>\n<p>&nbsp;<\/p>\n","protected":false},"featured_media":21084,"comment_status":"closed","ping_status":"closed","template":"","meta":{"inline_featured_image":false},"product_brand":[],"product_cat":[15,35],"product_tag":[],"class_list":{"0":"post-21079","1":"product","2":"type-product","3":"status-publish","4":"has-post-thumbnail","6":"product_cat-uncategorized","7":"product_cat-fun","9":"first","10":"instock","11":"sale","12":"taxable","13":"shipping-taxable","14":"purchasable","15":"product-type-simple"},"acf":[],"_links":{"self":[{"href":"https:\/\/linoexpress.com\/cz\/wp-json\/wp\/v2\/product\/21079","targetHints":{"allow":["GET"]}}],"collection":[{"href":"https:\/\/linoexpress.com\/cz\/wp-json\/wp\/v2\/product"}],"about":[{"href":"https:\/\/linoexpress.com\/cz\/wp-json\/wp\/v2\/types\/product"}],"replies":[{"embeddable":true,"href":"https:\/\/linoexpress.com\/cz\/wp-json\/wp\/v2\/comments?post=21079"}],"wp:featuredmedia":[{"embeddable":true,"href":"https:\/\/linoexpress.com\/cz\/wp-json\/wp\/v2\/media\/21084"}],"wp:attachment":[{"href":"https:\/\/linoexpress.com\/cz\/wp-json\/wp\/v2\/media?parent=21079"}],"wp:term":[{"taxonomy":"product_brand","embeddable":true,"href":"https:\/\/linoexpress.com\/cz\/wp-json\/wp\/v2\/product_brand?post=21079"},{"taxonomy":"product_cat","embeddable":true,"href":"https:\/\/linoexpress.com\/cz\/wp-json\/wp\/v2\/product_cat?post=21079"},{"taxonomy":"product_tag","embeddable":true,"href":"https:\/\/linoexpress.com\/cz\/wp-json\/wp\/v2\/product_tag?post=21079"}],"curies":[{"name":"wp","href":"https:\/\/api.w.org\/{rel}","templated":true}]}}