{"id":21134,"date":"2025-02-23T20:05:08","date_gmt":"2025-02-23T19:05:08","guid":{"rendered":"https:\/\/linoexpress.com\/cz\/?post_type=product&#038;p=21134"},"modified":"2025-02-25T11:38:45","modified_gmt":"2025-02-25T10:38:45","slug":"revolucni-reseni-na-krecove-zily-a-otoky-nohou","status":"publish","type":"product","link":"https:\/\/linoexpress.com\/cz\/produkt\/revolucni-reseni-na-krecove-zily-a-otoky-nohou\/","title":{"rendered":"Revolu\u010dn\u00ed \u0159e\u0161en\u00ed na k\u0159e\u010dov\u00e9 \u017e\u00edly a otoky nohou"},"content":{"rendered":"","protected":false},"excerpt":{"rendered":"<p>Zbavte se bolesti, otok\u016f a nepohodl\u00ed s inovativn\u00edm \u0159e\u0161en\u00edm, kter\u00e9 zlep\u0161uje krevn\u00ed ob\u011bh a posiluje va\u0161e \u017e\u00edly. D\u00edky speci\u00e1ln\u00ed technologii tento p\u0159\u00edpravek pom\u00e1h\u00e1 obnovit p\u0159irozen\u00fd pr\u016ftok krve a zm\u00edrnit p\u0159\u00edznaky \u017eiln\u00ed nedostate\u010dnosti. Bezbolestn\u00e9, jednoduch\u00e9 a \u00fa\u010dinn\u00e9 \u2013 pro lehk\u00e9 a zdrav\u00e9 nohy!<\/p>\n<p>&nbsp;<\/p>\n<p>&nbsp;<\/p>\n","protected":false},"featured_media":21135,"comment_status":"closed","ping_status":"closed","template":"","meta":{"inline_featured_image":false},"product_brand":[],"product_cat":[15,35],"product_tag":[],"class_list":{"0":"post-21134","1":"product","2":"type-product","3":"status-publish","4":"has-post-thumbnail","6":"product_cat-uncategorized","7":"product_cat-fun","9":"first","10":"instock","11":"sale","12":"taxable","13":"shipping-taxable","14":"purchasable","15":"product-type-simple"},"acf":[],"_links":{"self":[{"href":"https:\/\/linoexpress.com\/cz\/wp-json\/wp\/v2\/product\/21134","targetHints":{"allow":["GET"]}}],"collection":[{"href":"https:\/\/linoexpress.com\/cz\/wp-json\/wp\/v2\/product"}],"about":[{"href":"https:\/\/linoexpress.com\/cz\/wp-json\/wp\/v2\/types\/product"}],"replies":[{"embeddable":true,"href":"https:\/\/linoexpress.com\/cz\/wp-json\/wp\/v2\/comments?post=21134"}],"wp:featuredmedia":[{"embeddable":true,"href":"https:\/\/linoexpress.com\/cz\/wp-json\/wp\/v2\/media\/21135"}],"wp:attachment":[{"href":"https:\/\/linoexpress.com\/cz\/wp-json\/wp\/v2\/media?parent=21134"}],"wp:term":[{"taxonomy":"product_brand","embeddable":true,"href":"https:\/\/linoexpress.com\/cz\/wp-json\/wp\/v2\/product_brand?post=21134"},{"taxonomy":"product_cat","embeddable":true,"href":"https:\/\/linoexpress.com\/cz\/wp-json\/wp\/v2\/product_cat?post=21134"},{"taxonomy":"product_tag","embeddable":true,"href":"https:\/\/linoexpress.com\/cz\/wp-json\/wp\/v2\/product_tag?post=21134"}],"curies":[{"name":"wp","href":"https:\/\/api.w.org\/{rel}","templated":true}]}}