{"id":21199,"date":"2025-03-04T10:02:56","date_gmt":"2025-03-04T09:02:56","guid":{"rendered":"https:\/\/linoexpress.com\/cz\/?post_type=product&#038;p=21199"},"modified":"2025-09-18T10:30:11","modified_gmt":"2025-09-18T08:30:11","slug":"polohovac-pro-instalaci-dveri","status":"publish","type":"product","link":"https:\/\/linoexpress.com\/cz\/produkt\/polohovac-pro-instalaci-dveri\/","title":{"rendered":"Polohova\u010d pro instalaci dve\u0159\u00ed"},"content":{"rendered":"","protected":false},"excerpt":{"rendered":"<p>N\u00e1\u0161 polohova\u010d pro instalaci dve\u0159\u00ed poskytuje rychl\u00fd a p\u0159esn\u00fd zp\u016fsob, jak dos\u00e1hnout dokonal\u00e9ho vyrovn\u00e1n\u00ed, a to i bez pomoci druh\u00fdch. Tento n\u00e1stroj je navr\u017een pro snadn\u00e9 pou\u017eit\u00ed, co\u017e v\u00e1m umo\u017en\u00ed prov\u00e9st pr\u00e1ci rychleji a efektivn\u011bji.<\/p>\n<p>&nbsp;<\/p>\n<p>&nbsp;<\/p>\n","protected":false},"featured_media":21200,"comment_status":"closed","ping_status":"closed","template":"","meta":{"inline_featured_image":false},"product_brand":[],"product_cat":[15,35],"product_tag":[],"class_list":{"0":"post-21199","1":"product","2":"type-product","3":"status-publish","4":"has-post-thumbnail","6":"product_cat-uncategorized","7":"product_cat-fun","9":"first","10":"instock","11":"sale","12":"taxable","13":"shipping-taxable","14":"purchasable","15":"product-type-simple"},"acf":[],"_links":{"self":[{"href":"https:\/\/linoexpress.com\/cz\/wp-json\/wp\/v2\/product\/21199","targetHints":{"allow":["GET"]}}],"collection":[{"href":"https:\/\/linoexpress.com\/cz\/wp-json\/wp\/v2\/product"}],"about":[{"href":"https:\/\/linoexpress.com\/cz\/wp-json\/wp\/v2\/types\/product"}],"replies":[{"embeddable":true,"href":"https:\/\/linoexpress.com\/cz\/wp-json\/wp\/v2\/comments?post=21199"}],"wp:featuredmedia":[{"embeddable":true,"href":"https:\/\/linoexpress.com\/cz\/wp-json\/wp\/v2\/media\/21200"}],"wp:attachment":[{"href":"https:\/\/linoexpress.com\/cz\/wp-json\/wp\/v2\/media?parent=21199"}],"wp:term":[{"taxonomy":"product_brand","embeddable":true,"href":"https:\/\/linoexpress.com\/cz\/wp-json\/wp\/v2\/product_brand?post=21199"},{"taxonomy":"product_cat","embeddable":true,"href":"https:\/\/linoexpress.com\/cz\/wp-json\/wp\/v2\/product_cat?post=21199"},{"taxonomy":"product_tag","embeddable":true,"href":"https:\/\/linoexpress.com\/cz\/wp-json\/wp\/v2\/product_tag?post=21199"}],"curies":[{"name":"wp","href":"https:\/\/api.w.org\/{rel}","templated":true}]}}