{"id":21217,"date":"2025-03-04T13:33:30","date_gmt":"2025-03-04T12:33:30","guid":{"rendered":"https:\/\/linoexpress.com\/cz\/?post_type=product&#038;p=21217"},"modified":"2025-03-26T15:36:16","modified_gmt":"2025-03-26T14:36:16","slug":"umelecka-sada-kreativni-kouzlo","status":"publish","type":"product","link":"https:\/\/linoexpress.com\/cz\/produkt\/umelecka-sada-kreativni-kouzlo\/","title":{"rendered":"Um\u011bleck\u00e1 sada &#8211; kreativn\u00ed kouzlo"},"content":{"rendered":"","protected":false},"excerpt":{"rendered":"<p>Objevte kouzeln\u00fd sv\u011bt um\u011bn\u00ed! Tato kreativn\u00ed sada usnad\u0148uje vytv\u00e1\u0159en\u00ed \u00fa\u017easn\u00fdch um\u011bleck\u00fdch d\u011bl jedin\u00fdm \u0161kr\u00e1bnut\u00edm. A\u0165 u\u017e jste za\u010d\u00e1te\u010dn\u00edk nebo ost\u0159\u00edlen\u00fd um\u011blec, tato sada nab\u00edz\u00ed nekone\u010dn\u00e9 mo\u017enosti, jak vyj\u00e1d\u0159it svou kreativitu. Rozveselte d\u011bti nebo sebe touto z\u00e1bavnou a vzd\u011bl\u00e1vac\u00ed aktivitou!<\/p>\n<p>&nbsp;<\/p>\n<p>&nbsp;<\/p>\n","protected":false},"featured_media":21223,"comment_status":"closed","ping_status":"closed","template":"","meta":{"inline_featured_image":false},"product_brand":[],"product_cat":[15,35],"product_tag":[],"class_list":{"0":"post-21217","1":"product","2":"type-product","3":"status-publish","4":"has-post-thumbnail","6":"product_cat-uncategorized","7":"product_cat-fun","9":"first","10":"instock","11":"sale","12":"taxable","13":"shipping-taxable","14":"purchasable","15":"product-type-simple"},"acf":[],"_links":{"self":[{"href":"https:\/\/linoexpress.com\/cz\/wp-json\/wp\/v2\/product\/21217","targetHints":{"allow":["GET"]}}],"collection":[{"href":"https:\/\/linoexpress.com\/cz\/wp-json\/wp\/v2\/product"}],"about":[{"href":"https:\/\/linoexpress.com\/cz\/wp-json\/wp\/v2\/types\/product"}],"replies":[{"embeddable":true,"href":"https:\/\/linoexpress.com\/cz\/wp-json\/wp\/v2\/comments?post=21217"}],"wp:featuredmedia":[{"embeddable":true,"href":"https:\/\/linoexpress.com\/cz\/wp-json\/wp\/v2\/media\/21223"}],"wp:attachment":[{"href":"https:\/\/linoexpress.com\/cz\/wp-json\/wp\/v2\/media?parent=21217"}],"wp:term":[{"taxonomy":"product_brand","embeddable":true,"href":"https:\/\/linoexpress.com\/cz\/wp-json\/wp\/v2\/product_brand?post=21217"},{"taxonomy":"product_cat","embeddable":true,"href":"https:\/\/linoexpress.com\/cz\/wp-json\/wp\/v2\/product_cat?post=21217"},{"taxonomy":"product_tag","embeddable":true,"href":"https:\/\/linoexpress.com\/cz\/wp-json\/wp\/v2\/product_tag?post=21217"}],"curies":[{"name":"wp","href":"https:\/\/api.w.org\/{rel}","templated":true}]}}